{"id":659,"date":"2020-09-25T11:54:25","date_gmt":"2020-09-25T14:54:25","guid":{"rendered":"http:\/\/faculdadesantacasabh.org.br\/residenciaeespecializacao\/?page_id=659"},"modified":"2025-06-09T11:32:41","modified_gmt":"2025-06-09T14:32:41","slug":"residencia-multiprofissional","status":"publish","type":"page","link":"https:\/\/faculdadesantacasabh.org.br\/residenciaeespecializacao\/residencia-multiprofissional\/","title":{"rendered":"Resid\u00eancia Multiprofissional"},"content":{"rendered":"<p>[et_pb_section fb_built=&#8221;1&#8243; _builder_version=&#8221;4.16&#8243; _module_preset=&#8221;default&#8221; background_color=&#8221;#f1f2f3&#8243; global_colors_info=&#8221;{}&#8221;][et_pb_row _builder_version=&#8221;4.16&#8243; _module_preset=&#8221;default&#8221; global_colors_info=&#8221;{}&#8221;][et_pb_column type=&#8221;4_4&#8243; _builder_version=&#8221;4.16&#8243; _module_preset=&#8221;default&#8221; global_colors_info=&#8221;{}&#8221;][et_pb_text _builder_version=&#8221;4.16&#8243; _module_preset=&#8221;default&#8221; header_font=&#8221;Montserrat|700||on|||||&#8221; header_text_color=&#8221;#10566c&#8221; global_colors_info=&#8221;{}&#8221;]<\/p>\n<h1>Resid\u00eancia Multiprofissional<\/h1>\n<p>[\/et_pb_text][\/et_pb_column][\/et_pb_row][et_pb_row column_structure=&#8221;1_4,1_4,1_4,1_4&#8243; make_equal=&#8221;on&#8221; _builder_version=&#8221;4.16&#8243; _module_preset=&#8221;default&#8221; module_alignment=&#8221;center&#8221; custom_margin=&#8221;30px||30px||true|false&#8221; custom_css_main_element=&#8221;align-items: center;&#8221; global_colors_info=&#8221;{}&#8221;][et_pb_column type=&#8221;1_4&#8243; _builder_version=&#8221;4.16&#8243; _module_preset=&#8221;default&#8221; global_colors_info=&#8221;{}&#8221;][et_pb_blurb title=&#8221;Enfermagem em Terapia Intensiva \u2013 Adulto &#8221; url=&#8221;https:\/\/faculdadesantacasabh.org.br\/residenciaeespecializacao\/enfermagem-em-terapia-intensiva-adulto\/&#8221; image=&#8221;https:\/\/faculdadesantacasabh.org.br\/residenciaeespecializacao\/wp-content\/uploads\/2020\/09\/foto-34.png&#8221; _builder_version=&#8221;4.16&#8243; _module_preset=&#8221;default&#8221; header_font=&#8221;Montserrat|700||on|||||&#8221; header_text_color=&#8221;#10566c&#8221; header_font_size=&#8221;17px&#8221; body_font=&#8221;Montserrat||||||||&#8221; body_text_color=&#8221;#343434&#8243; background_color=&#8221;#ffffff&#8221; module_alignment=&#8221;center&#8221; custom_padding=&#8221;||10px||false|false&#8221; animation=&#8221;off&#8221; link_option_url=&#8221;https:\/\/faculdadesantacasabh.org.br\/residenciaeespecializacao\/enfermagem-em-terapia-intensiva-adulto\/&#8221; custom_css_blurb_title=&#8221;margin: 0 15px&#8221; locked=&#8221;off&#8221; global_colors_info=&#8221;{}&#8221;]<\/p>\n<p><span style=\"font-weight: 400;\"><span>A Especializa\u00e7\u00e3o de Enfermagem em Terapia Intensiva Adulto prepara o enfermeiro para a assist\u00eancia ao paciente&#8230;<\/span><\/span><\/p>\n<p>[\/et_pb_blurb][et_pb_button button_url=&#8221;https:\/\/faculdadesantacasabh.org.br\/residenciaeespecializacao\/avise-me-curso-em-espera\/&#8221; url_new_window=&#8221;on&#8221; button_text=&#8221;Avise-me&#8221; button_alignment=&#8221;center&#8221; disabled_on=&#8221;off|off|off&#8221; _builder_version=&#8221;4.27.4&#8243; _module_preset=&#8221;default&#8221; custom_button=&#8221;on&#8221; button_text_size=&#8221;14px&#8221; button_text_color=&#8221;#ffffff&#8221; button_bg_color=&#8221;#10566c&#8221; button_border_width=&#8221;0px&#8221; button_border_radius=&#8221;15px&#8221; button_font=&#8221;Montserrat|||on|||||&#8221; button_use_icon=&#8221;off&#8221; hover_enabled=&#8221;0&#8243; saved_tabs=&#8221;all&#8221; locked=&#8221;off&#8221; global_colors_info=&#8221;{}&#8221; sticky_enabled=&#8221;0&#8243;][\/et_pb_button][\/et_pb_column][et_pb_column type=&#8221;1_4&#8243; _builder_version=&#8221;4.16&#8243; _module_preset=&#8221;default&#8221; global_colors_info=&#8221;{}&#8221;][et_pb_blurb title=&#8221;Farm\u00e1cia em Terapia Intensiva \u2013 Adulto&#8221; url=&#8221;https:\/\/faculdadesantacasabh.org.br\/residenciaeespecializacao\/farmacia-em-terapia-intensiva-adulto\/&#8221; image=&#8221;https:\/\/faculdadesantacasabh.org.br\/residenciaeespecializacao\/wp-content\/uploads\/2020\/09\/foto-26.png&#8221; _builder_version=&#8221;4.16&#8243; _module_preset=&#8221;default&#8221; header_font=&#8221;Montserrat|700||on|||||&#8221; header_text_color=&#8221;#10566c&#8221; header_font_size=&#8221;17px&#8221; body_font=&#8221;Montserrat||||||||&#8221; body_text_color=&#8221;#343434&#8243; background_color=&#8221;#ffffff&#8221; module_alignment=&#8221;center&#8221; custom_padding=&#8221;||10px||false|false&#8221; animation=&#8221;off&#8221; link_option_url=&#8221;https:\/\/faculdadesantacasabh.org.br\/residenciaeespecializacao\/farmacia-em-terapia-intensiva-adulto\/&#8221; custom_css_blurb_title=&#8221;margin: 0 15px&#8221; locked=&#8221;off&#8221; global_colors_info=&#8221;{}&#8221;]<\/p>\n<p><span>A Especializa\u00e7\u00e3o Multiprofissional em Terapia Intensiva adulto proporciona ao profissional farmac\u00eautico&#8230;<\/span><\/p>\n<p>[\/et_pb_blurb][et_pb_button button_url=&#8221;https:\/\/faculdadesantacasabh.org.br\/residenciaeespecializacao\/avise-me-curso-em-espera\/&#8221; url_new_window=&#8221;on&#8221; button_text=&#8221;Avise-me&#8221; button_alignment=&#8221;center&#8221; disabled_on=&#8221;off|off|off&#8221; _builder_version=&#8221;4.27.4&#8243; _module_preset=&#8221;default&#8221; custom_button=&#8221;on&#8221; button_text_size=&#8221;14px&#8221; button_text_color=&#8221;#ffffff&#8221; button_bg_color=&#8221;#10566c&#8221; button_border_width=&#8221;0px&#8221; button_border_radius=&#8221;15px&#8221; button_font=&#8221;Montserrat|||on|||||&#8221; button_use_icon=&#8221;off&#8221; hover_enabled=&#8221;0&#8243; saved_tabs=&#8221;all&#8221; locked=&#8221;off&#8221; global_colors_info=&#8221;{}&#8221; sticky_enabled=&#8221;0&#8243;][\/et_pb_button][\/et_pb_column][et_pb_column type=&#8221;1_4&#8243; _builder_version=&#8221;4.16&#8243; _module_preset=&#8221;default&#8221; global_colors_info=&#8221;{}&#8221;][et_pb_blurb title=&#8221;Nutri\u00e7\u00e3o em Terapia Intensiva \u2013 Adulto&#8221; url=&#8221;https:\/\/faculdadesantacasabh.org.br\/residenciaeespecializacao\/nutricao-em-terapia-intensiva-adulto\/&#8221; image=&#8221;https:\/\/faculdadesantacasabh.org.br\/residenciaeespecializacao\/wp-content\/uploads\/2020\/09\/foto-27.png&#8221; _builder_version=&#8221;4.16&#8243; _module_preset=&#8221;default&#8221; header_font=&#8221;Montserrat|700||on|||||&#8221; header_text_color=&#8221;#10566c&#8221; header_font_size=&#8221;17px&#8221; body_font=&#8221;Montserrat||||||||&#8221; body_text_color=&#8221;#343434&#8243; background_color=&#8221;#ffffff&#8221; module_alignment=&#8221;center&#8221; custom_padding=&#8221;||10px||false|false&#8221; animation=&#8221;off&#8221; link_option_url=&#8221;https:\/\/faculdadesantacasabh.org.br\/residenciaeespecializacao\/nutricao-em-terapia-intensiva-adulto\/&#8221; custom_css_blurb_title=&#8221;margin: 0 15px&#8221; locked=&#8221;off&#8221; global_colors_info=&#8221;{}&#8221;]<\/p>\n<p><span>O especializando em terapia intensiva, no eixo de nutri\u00e7\u00e3o cl\u00ednica, realiza a avalia\u00e7\u00e3o nutricional do paciente&#8230;<\/span><\/p>\n<p>[\/et_pb_blurb][et_pb_button button_url=&#8221;https:\/\/faculdadesantacasabh.org.br\/residenciaeespecializacao\/avise-me-curso-em-espera\/&#8221; url_new_window=&#8221;on&#8221; button_text=&#8221;Avise-me&#8221; button_alignment=&#8221;center&#8221; disabled_on=&#8221;off|off|off&#8221; _builder_version=&#8221;4.27.4&#8243; _module_preset=&#8221;default&#8221; custom_button=&#8221;on&#8221; button_text_size=&#8221;14px&#8221; button_text_color=&#8221;#ffffff&#8221; button_bg_color=&#8221;#10566c&#8221; button_border_width=&#8221;0px&#8221; button_border_radius=&#8221;15px&#8221; button_font=&#8221;Montserrat|||on|||||&#8221; button_use_icon=&#8221;off&#8221; hover_enabled=&#8221;0&#8243; saved_tabs=&#8221;all&#8221; locked=&#8221;off&#8221; global_colors_info=&#8221;{}&#8221; sticky_enabled=&#8221;0&#8243;][\/et_pb_button][\/et_pb_column][et_pb_column type=&#8221;1_4&#8243; _builder_version=&#8221;4.16&#8243; _module_preset=&#8221;default&#8221; global_colors_info=&#8221;{}&#8221;][et_pb_blurb title=&#8221;PSICOLOGIA EM TERAPIA INTENSIVA \u2013 ADULTO&#8221; url=&#8221;https:\/\/faculdadesantacasabh.org.br\/residenciaeespecializacao\/psicologia-intensivismo\/&#8221; image=&#8221;https:\/\/faculdadesantacasabh.org.br\/residenciaeespecializacao\/wp-content\/uploads\/2020\/09\/foto-28.png&#8221; _builder_version=&#8221;4.22.1&#8243; _module_preset=&#8221;default&#8221; header_font=&#8221;Montserrat|700||on|||||&#8221; header_text_color=&#8221;#10566c&#8221; header_font_size=&#8221;17px&#8221; body_font=&#8221;Montserrat||||||||&#8221; body_text_color=&#8221;#343434&#8243; background_color=&#8221;#ffffff&#8221; module_alignment=&#8221;center&#8221; custom_padding=&#8221;||10px||false|false&#8221; animation=&#8221;off&#8221; link_option_url=&#8221;https:\/\/faculdadesantacasabh.org.br\/residenciaeespecializacao\/psicologia-intensivismo\/&#8221; custom_css_blurb_title=&#8221;margin: 0 15px&#8221; global_colors_info=&#8221;{}&#8221;]<\/p>\n<p>O Psic\u00f3logo egresso\u00a0 com \u00eanfase no CTI dever\u00e1:\u00a0 Atuar na \u00e1rea de CTI, visando \u00e0 integralidade e interdis&#8230;<\/p>\n<p>[\/et_pb_blurb][et_pb_button button_url=&#8221;https:\/\/faculdadesantacasabh.org.br\/residenciaeespecializacao\/avise-me-curso-em-espera\/&#8221; url_new_window=&#8221;on&#8221; button_text=&#8221;Avise-me&#8221; button_alignment=&#8221;center&#8221; disabled_on=&#8221;off|off|off&#8221; _builder_version=&#8221;4.27.4&#8243; _module_preset=&#8221;default&#8221; custom_button=&#8221;on&#8221; button_text_size=&#8221;14px&#8221; button_text_color=&#8221;#ffffff&#8221; button_bg_color=&#8221;#10566c&#8221; button_border_width=&#8221;0px&#8221; button_border_radius=&#8221;15px&#8221; button_font=&#8221;Montserrat|||on|||||&#8221; button_use_icon=&#8221;off&#8221; hover_enabled=&#8221;0&#8243; saved_tabs=&#8221;all&#8221; locked=&#8221;off&#8221; global_colors_info=&#8221;{}&#8221; sticky_enabled=&#8221;0&#8243;][\/et_pb_button][\/et_pb_column][\/et_pb_row][et_pb_row column_structure=&#8221;1_4,1_4,1_4,1_4&#8243; make_equal=&#8221;on&#8221; disabled_on=&#8221;on|on|on&#8221; _builder_version=&#8221;4.16&#8243; _module_preset=&#8221;default&#8221; module_alignment=&#8221;center&#8221; custom_margin=&#8221;30px||30px||true|false&#8221; custom_css_main_element=&#8221;align-items: center;&#8221; disabled=&#8221;on&#8221; global_colors_info=&#8221;{}&#8221;][et_pb_column type=&#8221;1_4&#8243; _builder_version=&#8221;4.16&#8243; _module_preset=&#8221;default&#8221; global_colors_info=&#8221;{}&#8221;][et_pb_blurb title=&#8221;Enfermagem Intensivismo&#8221; url=&#8221;https:\/\/faculdadesantacasabh.org.br\/residenciaeespecializacao\/enfermagem-intensivismo\/&#8221; image=&#8221;https:\/\/faculdadesantacasabh.org.br\/residenciaeespecializacao\/wp-content\/uploads\/2020\/09\/foto-24.png&#8221; _builder_version=&#8221;4.16&#8243; _module_preset=&#8221;default&#8221; header_font=&#8221;Montserrat|700||on|||||&#8221; header_text_color=&#8221;#10566c&#8221; header_font_size=&#8221;17px&#8221; body_font=&#8221;Montserrat||||||||&#8221; body_text_color=&#8221;#343434&#8243; background_color=&#8221;#ffffff&#8221; module_alignment=&#8221;center&#8221; custom_padding=&#8221;||10px||false|false&#8221; animation=&#8221;off&#8221; link_option_url=&#8221;https:\/\/faculdadesantacasabh.org.br\/residenciaeespecializacao\/enfermagem-intensivismo\/&#8221; custom_css_blurb_title=&#8221;margin: 0 15px&#8221; global_colors_info=&#8221;{}&#8221;]<\/p>\n<p><span>A Enfermagem Intensivista prepara o enfermeiro para a assist\u00eancia ao paciente grave&#8230;<\/span><\/p>\n<p>[\/et_pb_blurb][\/et_pb_column][et_pb_column type=&#8221;1_4&#8243; _builder_version=&#8221;4.16&#8243; _module_preset=&#8221;default&#8221; global_colors_info=&#8221;{}&#8221;][et_pb_blurb title=&#8221;Farm\u00e1cia Intensivismo&#8221; url=&#8221;https:\/\/faculdadesantacasabh.org.br\/residenciaeespecializacao\/farmacia-intensivismo\/&#8221; image=&#8221;https:\/\/faculdadesantacasabh.org.br\/residenciaeespecializacao\/wp-content\/uploads\/2020\/09\/foto-26.png&#8221; _builder_version=&#8221;4.16&#8243; _module_preset=&#8221;default&#8221; header_font=&#8221;Montserrat|700||on|||||&#8221; header_text_color=&#8221;#10566c&#8221; header_font_size=&#8221;17px&#8221; body_font=&#8221;Montserrat||||||||&#8221; body_text_color=&#8221;#343434&#8243; background_color=&#8221;#ffffff&#8221; module_alignment=&#8221;center&#8221; custom_padding=&#8221;||10px||false|false&#8221; animation=&#8221;off&#8221; link_option_url=&#8221;https:\/\/faculdadesantacasabh.org.br\/residenciaeespecializacao\/farmacia-intensivismo\/&#8221; custom_css_blurb_title=&#8221;margin: 0 15px&#8221; global_colors_info=&#8221;{}&#8221;]<\/p>\n<p><span>A Farm\u00e1cia em Intensivismo compreende uma excelente forma\u00e7\u00e3o para&#8230;<\/span><\/p>\n<p>[\/et_pb_blurb][\/et_pb_column][et_pb_column type=&#8221;1_4&#8243; _builder_version=&#8221;4.16&#8243; _module_preset=&#8221;default&#8221; global_colors_info=&#8221;{}&#8221;][et_pb_blurb title=&#8221;Nutri\u00e7\u00e3o Intensivismo&#8221; url=&#8221;https:\/\/faculdadesantacasabh.org.br\/residenciaeespecializacao\/nutricao-intensivismo\/&#8221; image=&#8221;https:\/\/faculdadesantacasabh.org.br\/residenciaeespecializacao\/wp-content\/uploads\/2020\/09\/foto-27.png&#8221; _builder_version=&#8221;4.16&#8243; _module_preset=&#8221;default&#8221; header_font=&#8221;Montserrat|700||on|||||&#8221; header_text_color=&#8221;#10566c&#8221; header_font_size=&#8221;17px&#8221; body_font=&#8221;Montserrat||||||||&#8221; body_text_color=&#8221;#343434&#8243; background_color=&#8221;#ffffff&#8221; module_alignment=&#8221;center&#8221; custom_padding=&#8221;||10px||false|false&#8221; animation=&#8221;off&#8221; link_option_url=&#8221;https:\/\/faculdadesantacasabh.org.br\/residenciaeespecializacao\/nutricao-intensivismo\/&#8221; custom_css_blurb_title=&#8221;margin: 0 15px&#8221; global_colors_info=&#8221;{}&#8221;]<\/p>\n<p><span>O profissional ira atuar na terapia nutricional de pacientes cr\u00edticos, sendo capaz de indicar&#8230;<\/span><\/p>\n<p>[\/et_pb_blurb][\/et_pb_column][et_pb_column type=&#8221;1_4&#8243; _builder_version=&#8221;4.16&#8243; _module_preset=&#8221;default&#8221; global_colors_info=&#8221;{}&#8221;][et_pb_blurb title=&#8221;Psicologia Intensivismo&#8221; url=&#8221;https:\/\/faculdadesantacasabh.org.br\/residenciaeespecializacao\/psicologia-intensivismo\/&#8221; image=&#8221;https:\/\/faculdadesantacasabh.org.br\/residenciaeespecializacao\/wp-content\/uploads\/2020\/09\/foto-28.png&#8221; _builder_version=&#8221;4.16&#8243; _module_preset=&#8221;default&#8221; header_font=&#8221;Montserrat|700||on|||||&#8221; header_text_color=&#8221;#10566c&#8221; header_font_size=&#8221;17px&#8221; body_font=&#8221;Montserrat||||||||&#8221; body_text_color=&#8221;#343434&#8243; background_color=&#8221;#ffffff&#8221; module_alignment=&#8221;center&#8221; custom_padding=&#8221;||10px||false|false&#8221; animation=&#8221;off&#8221; link_option_url=&#8221;https:\/\/faculdadesantacasabh.org.br\/residenciaeespecializacao\/psicologia-intensivismo\/&#8221; custom_css_blurb_title=&#8221;margin: 0 15px&#8221; global_colors_info=&#8221;{}&#8221;]<\/p>\n<p><span>Possibilitar\u00e1 ao psic\u00f3logo a integra\u00e7\u00e3o de conhecimentos te\u00f3ricos e pr\u00e1ticos&#8230;<\/span><span><\/span><\/p>\n<p>[\/et_pb_blurb][\/et_pb_column][\/et_pb_row][\/et_pb_section][et_pb_section fb_built=&#8221;1&#8243; module_id=&#8221;old_rodape&#8221; _builder_version=&#8221;4.21.0&#8243; _module_preset=&#8221;default&#8221; use_background_color_gradient=&#8221;on&#8221; background_color_gradient_direction=&#8221;-124deg&#8221; background_color_gradient_stops=&#8221;#6400aa 0%|#41006e 99%&#8221; background_color_gradient_start=&#8221;#205596&#8243; background_color_gradient_end=&#8221;#132745&#8243; custom_padding=&#8221;15px||15px||true|false&#8221; background_color_gradient_stops_tablet=&#8221;#205596 0%|#132745 100%&#8221; background_color_gradient_stops_phone=&#8221;#205596 0%|#132745 100%&#8221; global_module=&#8221;189&#8243; saved_tabs=&#8221;all&#8221; global_colors_info=&#8221;{}&#8221;][et_pb_row column_structure=&#8221;1_3,1_3,1_3&#8243; make_equal=&#8221;on&#8221; _builder_version=&#8221;4.21.0&#8243; _module_preset=&#8221;default&#8221; module_alignment=&#8221;center&#8221; custom_css_main_element=&#8221;align-items: flex-start;&#8221; global_colors_info=&#8221;{}&#8221;][et_pb_column type=&#8221;1_3&#8243; _builder_version=&#8221;4.16&#8243; _module_preset=&#8221;default&#8221; global_colors_info=&#8221;{}&#8221;][et_pb_text _builder_version=&#8221;4.16&#8243; _module_preset=&#8221;default&#8221; text_font=&#8221;Montserrat|300|||||||&#8221; text_text_color=&#8221;#ffffff&#8221; text_line_height=&#8221;1.5em&#8221; link_font=&#8221;Montserrat||||||||&#8221; link_text_align=&#8221;left&#8221; link_text_color=&#8221;#ffffff&#8221; link_line_height=&#8221;1.7em&#8221; header_3_font=&#8221;Montserrat||||||||&#8221; header_3_text_color=&#8221;#ffffff&#8221; header_3_font_size=&#8221;16px&#8221; header_3_line_height=&#8221;1.3em&#8221; global_colors_info=&#8221;{}&#8221;]<\/p>\n<h3>Faculdade Santa Casa BH<\/h3>\n<p><span class=\"GRkHZd w8qArf\"><span>\u00a0<\/span><\/span><span class=\"LrzXr\">Av. dos Andradas, 2688 &#8211; Santa Efig\u00eania, Belo Horizonte &#8211; MG, 30110-005<\/span><\/p>\n<p>[\/et_pb_text][et_pb_text _builder_version=&#8221;4.16&#8243; _module_preset=&#8221;default&#8221; text_font=&#8221;Montserrat|300|||||||&#8221; text_text_color=&#8221;#ffffff&#8221; text_line_height=&#8221;1.5em&#8221; link_font=&#8221;Montserrat||||||||&#8221; link_text_align=&#8221;left&#8221; link_text_color=&#8221;#ffffff&#8221; link_line_height=&#8221;1.7em&#8221; header_3_font=&#8221;Montserrat||||||||&#8221; header_3_text_color=&#8221;#ffffff&#8221; header_3_font_size=&#8221;16px&#8221; header_3_line_height=&#8221;1.3em&#8221; global_colors_info=&#8221;{}&#8221;]<\/p>\n<h3>Santa Casa BH<\/h3>\n<p><span>Av. Francisco Sales, 1111 &#8211; Santa Efig\u00eania &#8211; Belo Horizonte &#8211; MG &#8211; 30150-221<\/span><\/p>\n<p>[\/et_pb_text][et_pb_text _builder_version=&#8221;4.16&#8243; _module_preset=&#8221;default&#8221; text_font=&#8221;Montserrat|300|||||||&#8221; text_text_color=&#8221;#ffffff&#8221; text_line_height=&#8221;1.5em&#8221; link_font=&#8221;Montserrat||||||||&#8221; link_text_align=&#8221;left&#8221; link_text_color=&#8221;#ffffff&#8221; link_line_height=&#8221;1.7em&#8221; header_3_font=&#8221;Montserrat||||||||&#8221; header_3_text_color=&#8221;#ffffff&#8221; header_3_font_size=&#8221;16px&#8221; header_3_line_height=&#8221;1.3em&#8221; global_colors_info=&#8221;{}&#8221;]<\/p>\n<h3>Hospital S\u00e3o Lucas<\/h3>\n<p><span>Av. Francisco Sales, 1186 &#8211; Santa Efig\u00eania &#8211; Belo Horizonte &#8211; MG &#8211; 30150-221<\/span><\/p>\n<p>[\/et_pb_text][\/et_pb_column][et_pb_column type=&#8221;1_3&#8243; _builder_version=&#8221;4.16&#8243; _module_preset=&#8221;default&#8221; global_colors_info=&#8221;{}&#8221;][et_pb_text _builder_version=&#8221;4.16&#8243; _module_preset=&#8221;default&#8221; text_font=&#8221;Montserrat|300|||||||&#8221; text_text_color=&#8221;#ffffff&#8221; text_line_height=&#8221;1.5em&#8221; link_font=&#8221;Montserrat||||||||&#8221; link_text_align=&#8221;left&#8221; link_text_color=&#8221;#ffffff&#8221; link_line_height=&#8221;1.7em&#8221; header_3_font=&#8221;Montserrat||||||||&#8221; header_3_text_color=&#8221;#ffffff&#8221; header_3_font_size=&#8221;16px&#8221; header_3_line_height=&#8221;1.3em&#8221; custom_css_main_element=&#8221;display: inline-block;&#8221; global_colors_info=&#8221;{}&#8221;]<\/p>\n<h3><img loading=\"lazy\" decoding=\"async\" src=\"https:\/\/faculdadesantacasabh.org.br\/residenciaeespecializacao\/wp-content\/uploads\/2020\/09\/envelope.png\" width=\"20\" height=\"18\" alt=\"\" class=\"wp-image-512 size-full\" \/> Contato:<\/h3>\n<p style=\"padding-left: 30px;\"><a href=\"mailto:especializacaomedica@faculdadesantacasabh.org.br\">faculdade@faculdadesantacasabh.edu.br<\/a><\/p>\n<p><a href=\"https:\/\/api.whatsapp.com\/send?phone=5531999884753&amp;text=Tenho%20interesse!\"><img loading=\"lazy\" decoding=\"async\" src=\"https:\/\/imagepng.org\/wp-content\/uploads\/2017\/08\/WhatsApp-icone.png\" alt=\"Whatsapp \u00cdcone \u2013 Icon - PNG Transparent - Image PNG\" width=\"25\" height=\"25\" \/><\/a><\/p>\n<p>(31) 99988-4753<\/p>\n<p>(31) 98420-5587<\/p>\n<p>&nbsp;<\/p>\n<p>[\/et_pb_text][\/et_pb_column][et_pb_column type=&#8221;1_3&#8243; _builder_version=&#8221;4.16&#8243; _module_preset=&#8221;default&#8221; custom_css_main_element=&#8221;margin: auto;&#8221; global_colors_info=&#8221;{}&#8221;][et_pb_text _builder_version=&#8221;4.21.0&#8243; _module_preset=&#8221;default&#8221; text_orientation=&#8221;center&#8221; module_alignment=&#8221;center&#8221; global_colors_info=&#8221;{}&#8221;]<a href=\"http:\/\/twitter.com\/santacasabh\"><img loading=\"lazy\" decoding=\"async\" src=\"https:\/\/faculdadesantacasabh.org.br\/residenciaeespecializacao\/wp-content\/uploads\/2020\/09\/twitter.png\" width=\"29\" height=\"29\" alt=\"\" class=\"wp-image-183 aligncenter size-full\" style=\"vertical-align: middle; display: inline-block; margin: auto 5px;\" \/><\/a> <a href=\"https:\/\/www.facebook.com\/santacasabh\"><img loading=\"lazy\" decoding=\"async\" src=\"https:\/\/faculdadesantacasabh.org.br\/residenciaeespecializacao\/wp-content\/uploads\/2020\/09\/facebook.png\" width=\"29\" height=\"29\" alt=\"\" class=\"wp-image-184 aligncenter size-full\" style=\"vertical-align: middle; display: inline-block; margin: auto 5px;\" \/><\/a> <a href=\"http:\/\/instagram.com\/santacasabh\"><img loading=\"lazy\" decoding=\"async\" src=\"https:\/\/faculdadesantacasabh.org.br\/residenciaeespecializacao\/wp-content\/uploads\/2020\/09\/instagram.png\" width=\"29\" height=\"29\" alt=\"\" class=\"wp-image-185 aligncenter size-full\" style=\"vertical-align: middle; display: inline-block; margin: auto 5px;\" \/><\/a> <a href=\"https:\/\/www.youtube.com\/user\/santacasabh\"><img loading=\"lazy\" decoding=\"async\" src=\"https:\/\/faculdadesantacasabh.org.br\/residenciaeespecializacao\/wp-content\/uploads\/2023\/05\/whatsapp-icon.png\" width=\"29\" height=\"29\" alt=\"\" class=\"wp-image-185 aligncenter size-full\" style=\"vertical-align: middle; display: inline-block; margin: auto 5px;\" \/><\/a>[\/et_pb_text][\/et_pb_column][\/et_pb_row][\/et_pb_section]<\/p>\n","protected":false},"excerpt":{"rendered":"<p>Resid\u00eancia MultiprofissionalA Especializa\u00e7\u00e3o de Enfermagem em Terapia Intensiva Adulto prepara o enfermeiro para a assist\u00eancia ao paciente&#8230;A Especializa\u00e7\u00e3o Multiprofissional em Terapia Intensiva adulto proporciona ao profissional farmac\u00eautico&#8230;O especializando em terapia intensiva, no eixo de nutri\u00e7\u00e3o cl\u00ednica, realiza a avalia\u00e7\u00e3o nutricional do paciente&#8230;O Psic\u00f3logo egresso\u00a0 com \u00eanfase no CTI dever\u00e1:\u00a0 Atuar na \u00e1rea de CTI, visando [&hellip;]<\/p>\n","protected":false},"author":7,"featured_media":0,"parent":0,"menu_order":0,"comment_status":"closed","ping_status":"closed","template":"","meta":{"_et_pb_use_builder":"on","_et_pb_old_content":"","_et_gb_content_width":"","_lmt_disableupdate":"","_lmt_disable":"","footnotes":""},"categories":[],"tags":[],"class_list":["post-659","page","type-page","status-publish","hentry"],"_links":{"self":[{"href":"https:\/\/faculdadesantacasabh.org.br\/residenciaeespecializacao\/wp-json\/wp\/v2\/pages\/659","targetHints":{"allow":["GET"]}}],"collection":[{"href":"https:\/\/faculdadesantacasabh.org.br\/residenciaeespecializacao\/wp-json\/wp\/v2\/pages"}],"about":[{"href":"https:\/\/faculdadesantacasabh.org.br\/residenciaeespecializacao\/wp-json\/wp\/v2\/types\/page"}],"author":[{"embeddable":true,"href":"https:\/\/faculdadesantacasabh.org.br\/residenciaeespecializacao\/wp-json\/wp\/v2\/users\/7"}],"replies":[{"embeddable":true,"href":"https:\/\/faculdadesantacasabh.org.br\/residenciaeespecializacao\/wp-json\/wp\/v2\/comments?post=659"}],"version-history":[{"count":27,"href":"https:\/\/faculdadesantacasabh.org.br\/residenciaeespecializacao\/wp-json\/wp\/v2\/pages\/659\/revisions"}],"predecessor-version":[{"id":227614,"href":"https:\/\/faculdadesantacasabh.org.br\/residenciaeespecializacao\/wp-json\/wp\/v2\/pages\/659\/revisions\/227614"}],"wp:attachment":[{"href":"https:\/\/faculdadesantacasabh.org.br\/residenciaeespecializacao\/wp-json\/wp\/v2\/media?parent=659"}],"wp:term":[{"taxonomy":"category","embeddable":true,"href":"https:\/\/faculdadesantacasabh.org.br\/residenciaeespecializacao\/wp-json\/wp\/v2\/categories?post=659"},{"taxonomy":"post_tag","embeddable":true,"href":"https:\/\/faculdadesantacasabh.org.br\/residenciaeespecializacao\/wp-json\/wp\/v2\/tags?post=659"}],"curies":[{"name":"wp","href":"https:\/\/api.w.org\/{rel}","templated":true}]}}