{"id":3105,"date":"2020-10-01T21:50:09","date_gmt":"2020-10-02T00:50:09","guid":{"rendered":"http:\/\/faculdadesantacasabh.org.br\/residenciaeespecializacao\/?page_id=3105"},"modified":"2023-09-09T15:41:57","modified_gmt":"2023-09-09T18:41:57","slug":"editais-residencia-e-especializacao-medica","status":"publish","type":"page","link":"https:\/\/faculdadesantacasabh.org.br\/residenciaeespecializacao\/editais-residencia-e-especializacao-medica\/","title":{"rendered":"Editais Resid\u00eancia e Especializa\u00e7\u00e3o M\u00e9dica"},"content":{"rendered":"<p>[et_pb_section fb_built=&#8221;1&#8243; _builder_version=&#8221;4.6.3&#8243; _module_preset=&#8221;default&#8221; background_color=&#8221;#fffdfd&#8221; background_image=&#8221;https:\/\/faculdadesantacasabh.org.br\/residenciaeespecializacao\/wp-content\/uploads\/2020\/09\/fundo-pseletivo.png&#8221; background_size=&#8221;initial&#8221; background_position=&#8221;bottom_left&#8221; module_alignment=&#8221;center&#8221; custom_margin=&#8221;50px||||false|false&#8221; background_last_edited=&#8221;on|phone&#8221; background_enable_image_tablet=&#8221;off&#8221; background_enable_image_phone=&#8221;off&#8221;][et_pb_row column_structure=&#8221;1_4,3_4&#8243; _builder_version=&#8221;4.6.3&#8243; _module_preset=&#8221;default&#8221; background_position=&#8221;center_left&#8221;][et_pb_column type=&#8221;1_4&#8243; _builder_version=&#8221;4.6.3&#8243; _module_preset=&#8221;default&#8221;][\/et_pb_column][et_pb_column type=&#8221;3_4&#8243; _builder_version=&#8221;4.6.3&#8243; _module_preset=&#8221;default&#8221; background_enable_image=&#8221;off&#8221; background_size=&#8221;initial&#8221; background_position=&#8221;center_left&#8221; custom_padding=&#8221;||||false|false&#8221; custom_padding_tablet=&#8221;&#8221; custom_padding_phone=&#8221;|||15px|false|false&#8221; custom_padding_last_edited=&#8221;on|desktop&#8221; background_last_edited=&#8221;on|desktop&#8221; background_enable_image_phone=&#8221;off&#8221;][et_pb_text _builder_version=&#8221;4.6.5&#8243; _module_preset=&#8221;default&#8221; text_font=&#8221;Montserrat||||||||&#8221; header_font=&#8221;Montserrat|700||on|||||&#8221; header_text_color=&#8221;#10566c&#8221; header_2_font=&#8221;Montserrat|600|||||||&#8221; header_2_text_color=&#8221;#10566c&#8221; header_2_font_size=&#8221;19px&#8221; header_2_line_height=&#8221;1.3em&#8221; sticky_limit_top=&#8221;section&#8221; sticky_limit_bottom=&#8221;row&#8221; motion_trigger_start=&#8221;bottom&#8221;]<\/p>\n<h1>EDITAIS<\/h1>\n<p>&nbsp;<\/p>\n<p>[\/et_pb_text][et_pb_text _builder_version=&#8221;4.6.5&#8243; _module_preset=&#8221;default&#8221; text_font=&#8221;Montserrat||||||||&#8221; header_font=&#8221;Montserrat|700||on|||||&#8221; header_text_color=&#8221;#10566c&#8221; header_2_font=&#8221;Montserrat|600|||||||&#8221; header_2_text_color=&#8221;#10566c&#8221; header_2_font_size=&#8221;19px&#8221; header_2_line_height=&#8221;1.3em&#8221; sticky_limit_top=&#8221;section&#8221; sticky_limit_bottom=&#8221;row&#8221; motion_trigger_start=&#8221;bottom&#8221;]<\/p>\n<h2>CRONOGRAMA RESUMIDO DO PROCESSO SELETIVO<\/h2>\n<p>[\/et_pb_text][et_pb_text _builder_version=&#8221;4.6.5&#8243; _module_preset=&#8221;default&#8221; text_font=&#8221;Montserrat||||||||&#8221; header_font=&#8221;Montserrat|700||on|||||&#8221; header_text_color=&#8221;#10566c&#8221; header_2_font=&#8221;Montserrat|600|||||||&#8221; header_2_text_color=&#8221;#10566c&#8221; header_2_font_size=&#8221;19px&#8221; header_2_line_height=&#8221;1.3em&#8221; width=&#8221;99.3%&#8221; custom_padding=&#8221;|124px||||&#8221; sticky_limit_top=&#8221;section&#8221; sticky_limit_bottom=&#8221;row&#8221; motion_trigger_start=&#8221;bottom&#8221;]<\/p>\n<table width=\"505\">\n<tbody>\n<tr>\n<td width=\"260\"><strong>Etapas<\/strong><\/td>\n<td width=\"245\"><strong>Datas<\/strong><\/td>\n<\/tr>\n<tr>\n<td width=\"260\"><strong>Per\u00edodo de Inscri\u00e7\u00f5es<\/strong><\/td>\n<td width=\"245\"><strong>01\/10 a 31\/10\/2020<\/strong><\/td>\n<\/tr>\n<tr>\n<td width=\"260\"><strong>Submiss\u00e3o de curr\u00edculos<\/strong><\/td>\n<td width=\"245\"><strong>01\/10 a 31\/10\/2020 no ato da inscri\u00e7\u00e3o<\/strong><\/td>\n<\/tr>\n<tr>\n<td width=\"260\"><strong>Solicita\u00e7\u00e3o de condi\u00e7\u00f5es especiais para realiza\u00e7\u00e3o da prova<\/strong><\/td>\n<td width=\"245\"><strong>01\/10 a 31\/10\/2020<\/strong><\/td>\n<\/tr>\n<tr>\n<td width=\"260\">Resultado das inscri\u00e7\u00f5es deferidas e solicita\u00e7\u00e3o de condi\u00e7\u00f5es especiais para realiza\u00e7\u00e3o das provas<\/td>\n<td width=\"245\">09\/11\/2020<\/td>\n<\/tr>\n<tr>\n<td width=\"260\">Per\u00edodo de interposi\u00e7\u00e3o de recursos contra o indeferimento de inscri\u00e7\u00f5es e condi\u00e7\u00f5es especiais<\/td>\n<td width=\"245\">10 a 11\/11\/2020<\/td>\n<\/tr>\n<tr>\n<td width=\"260\">Divulga\u00e7\u00e3o das inscri\u00e7\u00f5es deferidas ap\u00f3s a interposi\u00e7\u00e3o de recursos<\/td>\n<td width=\"245\">16\/11\/2020<\/td>\n<\/tr>\n<tr>\n<td width=\"260\">Divulga\u00e7\u00e3o do CDI contendo as informa\u00e7\u00f5es relativas ao hor\u00e1rio e local da prova<\/td>\n<td width=\"245\">17\/11\/2020<\/td>\n<\/tr>\n<tr>\n<td width=\"260\"><strong>Data da 1\u00aa etapa (Prova objetiva)<\/strong><\/td>\n<td width=\"245\"><strong>22\/11\/2020<\/strong><\/td>\n<\/tr>\n<tr>\n<td width=\"260\">Divulga\u00e7\u00e3o dos gabaritos<\/td>\n<td width=\"245\">23\/11\/2020<\/td>\n<\/tr>\n<tr>\n<td width=\"260\">Per\u00edodo de recursos interpostos contra o gabarito preliminar e o conte\u00fado das quest\u00f5es da prova<\/td>\n<td width=\"245\">24 a 25\/11\/2020<\/td>\n<\/tr>\n<tr>\n<td width=\"260\"><strong>Divulga\u00e7\u00e3o do resultado preliminar da 1\u00aa etapa\u00a0 (Prova objetiva) e Resultado preliminar da 2\u00aa etapa (Prova de t\u00edtulos)<\/strong><\/td>\n<td width=\"245\"><strong>09\/12\/2020<\/strong><\/td>\n<\/tr>\n<tr>\n<td width=\"260\">Per\u00edodo de interposi\u00e7\u00e3o de recursos contra a nota da prova objetiva e contra a prova de t\u00edtulos<\/td>\n<td width=\"245\">10 a 11\/12\/2020<\/td>\n<\/tr>\n<tr>\n<td width=\"260\">Divulga\u00e7\u00e3o do resultado preliminar com classifica\u00e7\u00e3o<\/td>\n<td width=\"245\">06\/01\/2021<\/td>\n<\/tr>\n<tr>\n<td width=\"260\">Per\u00edodo de recursos contra a classifica\u00e7\u00e3o<\/td>\n<td width=\"245\">\u00a007 a 08\/01\/2021\u00a0<\/td>\n<\/tr>\n<tr>\n<td width=\"260\"><strong>Resultado Final<\/strong><\/td>\n<td width=\"245\"><strong>20\/01\/2021<\/strong><\/td>\n<\/tr>\n<\/tbody>\n<\/table>\n<p>&nbsp;<\/p>\n<p>[\/et_pb_text][et_pb_accordion open_toggle_text_color=&#8221;#10566c&#8221; open_toggle_background_color=&#8221;#ffffff&#8221; closed_toggle_text_color=&#8221;#10566c&#8221; closed_toggle_background_color=&#8221;#ffffff&#8221; icon_color=&#8221;#ffffff&#8221; _builder_version=&#8221;4.6.5&#8243; _module_preset=&#8221;default&#8221; toggle_text_color=&#8221;#10566c&#8221; toggle_font=&#8221;Montserrat|700||on|||||&#8221; toggle_font_size=&#8221;19px&#8221; closed_toggle_font=&#8221;Montserrat|700||on|||||&#8221; custom_css_toggle=&#8221;margin-bottom: 15px!important;&#8221; custom_css_toggle_icon=&#8221;color: white!important;||width: 33px;||height: 30px;||background-image: url(https:\/\/faculdadesantacasabh.org.br\/residenciaeespecializacao\/wp-content\/uploads\/2020\/09\/faq-icon-3.png);||background-repeat: no-repeat;||background-size: cover;||&#8221; custom_css_toggle_content=&#8221;padding: 18px;||background-color: white;&#8221; locked=&#8221;off&#8221;][et_pb_accordion_item title=&#8221;Editais&#8221; open=&#8221;on&#8221; _builder_version=&#8221;4.6.5&#8243; _module_preset=&#8221;default&#8221;]<\/p>\n<p><a href=\"https:\/\/faculdadesantacasabh.org.br\/residenciaeespecializacao\/wp-content\/uploads\/2020\/10\/Edital-Residencia-Medica_Publicar-30.09-1.pdf\">Clique aqui<\/a> e veja o edital do <span>Resid\u00eancia <\/span><span>M\u00e9dica<\/span><\/p>\n<p><a href=\"https:\/\/faculdadesantacasabh.org.br\/residenciaeespecializacao\/wp-content\/uploads\/2020\/10\/Edital-Especializacao-Medica-Publicar-30.09.pdf\">Clique aqui<\/a> e veja o edital da E<span>specializa\u00e7\u00e3o M\u00e9dica<\/span><\/p>\n<p>&nbsp;<\/p>\n<p>[\/et_pb_accordion_item][et_pb_accordion_item title=&#8221;Anexos&#8221; _builder_version=&#8221;4.6.5&#8243; _module_preset=&#8221;default&#8221; open=&#8221;off&#8221;]<\/p>\n<p><span><a href=\"https:\/\/faculdadesantacasabh.org.br\/residenciaeespecializacao\/wp-content\/uploads\/2020\/10\/ANEXO-I-PROGRAMAS-ACESSO-PRE-REQUISITO-2021.pdf\" rel=\"attachment wp-att-3168\">ANEXO I &#8211; PROGRAMAS ACESSO PR\u00c9-REQUISITO 2021<\/a><\/span><\/p>\n<p><span><a href=\"https:\/\/faculdadesantacasabh.org.br\/residenciaeespecializacao\/wp-content\/uploads\/2020\/10\/ANEXO-I-PROGRAMAS-ACESSO-DIRETO-2021.pdf\" rel=\"attachment wp-att-3169\">ANEXO I &#8211; PROGRAMAS ACESSO DIRETO 2021<\/a><\/span><\/p>\n<p><span><a href=\"https:\/\/faculdadesantacasabh.org.br\/residenciaeespecializacao\/wp-content\/uploads\/2020\/10\/Anexo-II-AVALIACAO-CURRICULAR.-pre-requisito-revisado.pdf\" rel=\"attachment wp-att-3166\">Anexo II AVALIA\u00c7\u00c3O CURRICULAR. ( pr\u00e9-requisito) revisado<\/a><a href=\"https:\/\/faculdadesantacasabh.org.br\/residenciaeespecializacao\/wp-content\/uploads\/2020\/10\/Anexo-II-AVALIACAO-CURRICULAR.acesso-direto-revisado.-docx.pdf\" rel=\"attachment wp-att-3167\"><\/a><\/span><\/p>\n<p><span><a href=\"https:\/\/faculdadesantacasabh.org.br\/residenciaeespecializacao\/wp-content\/uploads\/2020\/10\/Anexo-II-AVALIACAO-CURRICULAR.acesso-direto-revisado.-docx.pdf\" rel=\"attachment wp-att-3167\">Anexo II &#8211; AVALIA\u00c7\u00c3O CURRICULAR.(acesso direto) revisado. docx<\/a><\/span><\/p>\n<p><span><a href=\"https:\/\/faculdadesantacasabh.org.br\/residenciaeespecializacao\/wp-content\/uploads\/2020\/10\/ANEXO-I-PROGRAMAS-ACESSO-DIRETO-2021.pdf\" rel=\"attachment wp-att-3169\"><\/a><\/span><a href=\"https:\/\/faculdadesantacasabh.org.br\/residenciaeespecializacao\/wp-content\/uploads\/2020\/10\/Anexo-III-Procuracao-pessoa-Fisica.docx\" rel=\"attachment wp-att-3132\">Anexo III &#8211; Procura\u00e7\u00e3o pessoa F\u00edsica<\/a><\/p>\n<p><span><a href=\"https:\/\/faculdadesantacasabh.org.br\/residenciaeespecializacao\/wp-content\/uploads\/2020\/10\/Anexo-IV-declaracao-provab.docx\" rel=\"attachment wp-att-3165\">Anexo IV &#8211; declara\u00e7\u00e3o provab<\/a><\/span><\/p>\n<p>[\/et_pb_accordion_item][\/et_pb_accordion][\/et_pb_column][\/et_pb_row][\/et_pb_section][et_pb_section fb_built=&#8221;1&#8243; _builder_version=&#8221;4.6.5&#8243; _module_preset=&#8221;default&#8221; background_color=&#8221;#10566c&#8221; custom_padding=&#8221;25px||25px||true|false&#8221; global_module=&#8221;2713&#8243; saved_tabs=&#8221;all&#8221;][et_pb_row _builder_version=&#8221;4.6.5&#8243; _module_preset=&#8221;default&#8221; custom_padding=&#8221;15px||15px||true|false&#8221;][et_pb_column type=&#8221;4_4&#8243; _builder_version=&#8221;4.6.5&#8243; _module_preset=&#8221;default&#8221;][et_pb_button button_url=&#8221;https:\/\/www.gestaodeconcursos.com.br\/site\/site\/DetalheConcurso.aspx?CodigoConcurso=1371&#8243; button_text=&#8221;QUERO ME INSCREVER&#8221; button_alignment=&#8221;center&#8221; _builder_version=&#8221;4.6.5&#8243; _module_preset=&#8221;default&#8221; custom_button=&#8221;on&#8221; button_text_size=&#8221;18px&#8221; button_text_color=&#8221;#10566c&#8221; button_bg_color=&#8221;#ffffff&#8221; button_border_width=&#8221;0px&#8221; button_border_radius=&#8221;35px&#8221; button_font=&#8221;Montserrat|700||on|||||&#8221; button_icon=&#8221;%%20%%&#8221; button_text_size_phone=&#8221;20px&#8221; button_text_size_last_edited=&#8221;off|phone&#8221; custom_css_main_element=&#8221;\t&#8220;][\/et_pb_button][\/et_pb_column][\/et_pb_row][\/et_pb_section][et_pb_section fb_built=&#8221;1&#8243; fullwidth=&#8221;on&#8221; _builder_version=&#8221;4.6.3&#8243; _module_preset=&#8221;default&#8221; custom_margin=&#8221;50px||||false|false&#8221;][et_pb_fullwidth_code _builder_version=&#8221;4.6.3&#8243; _module_preset=&#8221;default&#8221;]<iframe loading=\"lazy\" src=\"https:\/\/www.google.com\/maps\/embed?pb=!1m18!1m12!1m3!1d3750.9887930813306!2d-43.9277961850855!3d-19.924877086606582!2m3!1f0!2f0!3f0!3m2!1i1024!2i768!4f13.1!3m3!1m2!1s0xa69992b82ccdef%3A0xb7b6dcfbddba280d!2sAv.%20Francisco%20Sales%2C%201111%20-%20Santa%20Efig%C3%AAnia%2C%20Belo%20Horizonte%20-%20MG%2C%2030150-221!5e0!3m2!1spt-BR!2sbr!4v1600873884172!5m2!1spt-BR!2sbr\" width=\"100%\" height=\"450\" frameborder=\"0\" style=\"border:0;\" allowfullscreen=\"\" aria-hidden=\"false\" tabindex=\"0\"><\/iframe>[\/et_pb_fullwidth_code][\/et_pb_section][et_pb_section fb_built=&#8221;1&#8243; _builder_version=&#8221;4.6.3&#8243; _module_preset=&#8221;default&#8221; use_background_color_gradient=&#8221;on&#8221; background_color_gradient_start=&#8221;#205596&#8243; background_color_gradient_end=&#8221;#132745&#8243; background_color_gradient_direction=&#8221;-124deg&#8221; global_module=&#8221;189&#8243; saved_tabs=&#8221;all&#8221;][et_pb_row column_structure=&#8221;1_3,1_3,1_3&#8243; make_equal=&#8221;on&#8221; _builder_version=&#8221;4.6.3&#8243; _module_preset=&#8221;default&#8221; module_alignment=&#8221;center&#8221;][et_pb_column type=&#8221;1_3&#8243; _builder_version=&#8221;4.6.3&#8243; _module_preset=&#8221;default&#8221;][et_pb_text _builder_version=&#8221;4.6.5&#8243; _module_preset=&#8221;default&#8221; text_font=&#8221;Montserrat|300|||||||&#8221; text_text_color=&#8221;#ffffff&#8221; text_line_height=&#8221;1.5em&#8221; link_font=&#8221;Montserrat||||||||&#8221; link_text_align=&#8221;left&#8221; link_text_color=&#8221;#ffffff&#8221; link_line_height=&#8221;1.7em&#8221; header_3_font=&#8221;Montserrat||||||||&#8221; header_3_text_color=&#8221;#ffffff&#8221; header_3_font_size=&#8221;16px&#8221; header_3_line_height=&#8221;1.3em&#8221;]<\/p>\n<h3>Santa Casa BH<\/h3>\n<p><a href=\"mailto:faculdade@faculdadesantacasabh.org.br\">especializacaomedica@faculdadesantacasabh.org.br<\/a><br \/> <span>Av. Francisco Sales, 1111 &#8211; Santa Efig\u00eania &#8211; Belo Horizonte &#8211; MG &#8211; 30150-221<\/span><\/p>\n<p>[\/et_pb_text][\/et_pb_column][et_pb_column type=&#8221;1_3&#8243; _builder_version=&#8221;4.6.3&#8243; _module_preset=&#8221;default&#8221;][et_pb_text _builder_version=&#8221;4.6.5&#8243; _module_preset=&#8221;default&#8221; text_font=&#8221;Montserrat|300|||||||&#8221; text_text_color=&#8221;#ffffff&#8221; text_line_height=&#8221;1.5em&#8221; link_font=&#8221;Montserrat||||||||&#8221; link_text_align=&#8221;left&#8221; link_text_color=&#8221;#ffffff&#8221; link_line_height=&#8221;1.7em&#8221; header_3_font=&#8221;Montserrat||||||||&#8221; header_3_text_color=&#8221;#ffffff&#8221; header_3_font_size=&#8221;16px&#8221; header_3_line_height=&#8221;1.3em&#8221; custom_css_main_element=&#8221;display: inline-block;&#8221;]<\/p>\n<h3><img loading=\"lazy\" decoding=\"async\" src=\"https:\/\/faculdadesantacasabh.org.br\/residenciaeespecializacao\/wp-content\/uploads\/2020\/09\/envelope.png\" width=\"20\" height=\"18\" alt=\"\" class=\"wp-image-512 size-full\" \/> Contato:<\/h3>\n<p style=\"padding-left: 30px;\"><a href=\"mailto:especializacaomedica@faculdadesantacasabh.org.br\">comercialep@faculdadesantacasabh.org.br<\/a><\/p>\n<p><a href=\"https:\/\/api.whatsapp.com\/send?phone=5531999884753&amp;text=Tenho%20interesse!\"><img loading=\"lazy\" decoding=\"async\" src=\"https:\/\/imagepng.org\/wp-content\/uploads\/2017\/08\/WhatsApp-icone.png\" alt=\"Whatsapp \u00cdcone \u2013 Icon - PNG Transparent - Image PNG\" width=\"25\" height=\"25\" \/><\/a>\u00a0(31) 99988-4753\u00a0\/\u00a0 (31) 99991-6589\u00a0\/ (31) 98420-5587<\/p>\n<p>&nbsp;<\/p>\n<p>[\/et_pb_text][\/et_pb_column][et_pb_column type=&#8221;1_3&#8243; _builder_version=&#8221;4.6.3&#8243; _module_preset=&#8221;default&#8221; custom_css_main_element=&#8221;margin: auto;&#8221;][et_pb_text _builder_version=&#8221;4.6.5&#8243; _module_preset=&#8221;default&#8221; text_orientation=&#8221;center&#8221; module_alignment=&#8221;center&#8221;]<a href=\"http:\/\/twitter.com\/santacasabh\"><img loading=\"lazy\" decoding=\"async\" src=\"https:\/\/faculdadesantacasabh.org.br\/residenciaeespecializacao\/wp-content\/uploads\/2020\/09\/twitter.png\" width=\"29\" height=\"29\" alt=\"\" class=\"wp-image-183 aligncenter size-full\" style=\"vertical-align: middle; display: inline-block; margin: auto 5px;\" \/><\/a> <a href=\"https:\/\/www.facebook.com\/santacasabh\"><img loading=\"lazy\" decoding=\"async\" src=\"https:\/\/faculdadesantacasabh.org.br\/residenciaeespecializacao\/wp-content\/uploads\/2020\/09\/facebook.png\" width=\"29\" height=\"29\" alt=\"\" class=\"wp-image-184 aligncenter size-full\" style=\"vertical-align: middle; display: inline-block; margin: auto 5px;\" \/><\/a> <a href=\"http:\/\/instagram.com\/santacasabh\"><img loading=\"lazy\" decoding=\"async\" src=\"https:\/\/faculdadesantacasabh.org.br\/residenciaeespecializacao\/wp-content\/uploads\/2020\/09\/instagram.png\" width=\"29\" height=\"29\" alt=\"\" class=\"wp-image-185 aligncenter size-full\" style=\"vertical-align: middle; display: inline-block; margin: auto 5px;\" \/><\/a> <a href=\"https:\/\/www.youtube.com\/user\/santacasabh\"><img loading=\"lazy\" decoding=\"async\" src=\"https:\/\/faculdadesantacasabh.org.br\/residenciaeespecializacao\/wp-content\/uploads\/2020\/10\/youtube-rodape.png\" width=\"29\" height=\"29\" alt=\"\" class=\"wp-image-185 aligncenter size-full\" style=\"vertical-align: middle; display: inline-block; margin: auto 5px;\" \/><\/a>[\/et_pb_text][\/et_pb_column][\/et_pb_row][\/et_pb_section]<\/p>\n","protected":false},"excerpt":{"rendered":"<p>EDITAIS &nbsp;CRONOGRAMA RESUMIDO DO PROCESSO SELETIVO Etapas Datas Per\u00edodo de Inscri\u00e7\u00f5es 01\/10 a 31\/10\/2020 Submiss\u00e3o de curr\u00edculos 01\/10 a 31\/10\/2020 no ato da inscri\u00e7\u00e3o Solicita\u00e7\u00e3o de condi\u00e7\u00f5es especiais para realiza\u00e7\u00e3o da prova 01\/10 a 31\/10\/2020 Resultado das inscri\u00e7\u00f5es deferidas e solicita\u00e7\u00e3o de condi\u00e7\u00f5es especiais para realiza\u00e7\u00e3o das provas 09\/11\/2020 Per\u00edodo de interposi\u00e7\u00e3o de recursos contra [&hellip;]<\/p>\n","protected":false},"author":7,"featured_media":0,"parent":0,"menu_order":0,"comment_status":"closed","ping_status":"closed","template":"","meta":{"_et_pb_use_builder":"on","_et_pb_old_content":"","_et_gb_content_width":"","_lmt_disableupdate":"","_lmt_disable":"","footnotes":""},"categories":[],"tags":[],"class_list":["post-3105","page","type-page","status-publish","hentry"],"_links":{"self":[{"href":"https:\/\/faculdadesantacasabh.org.br\/residenciaeespecializacao\/wp-json\/wp\/v2\/pages\/3105","targetHints":{"allow":["GET"]}}],"collection":[{"href":"https:\/\/faculdadesantacasabh.org.br\/residenciaeespecializacao\/wp-json\/wp\/v2\/pages"}],"about":[{"href":"https:\/\/faculdadesantacasabh.org.br\/residenciaeespecializacao\/wp-json\/wp\/v2\/types\/page"}],"author":[{"embeddable":true,"href":"https:\/\/faculdadesantacasabh.org.br\/residenciaeespecializacao\/wp-json\/wp\/v2\/users\/7"}],"replies":[{"embeddable":true,"href":"https:\/\/faculdadesantacasabh.org.br\/residenciaeespecializacao\/wp-json\/wp\/v2\/comments?post=3105"}],"version-history":[{"count":24,"href":"https:\/\/faculdadesantacasabh.org.br\/residenciaeespecializacao\/wp-json\/wp\/v2\/pages\/3105\/revisions"}],"predecessor-version":[{"id":3217,"href":"https:\/\/faculdadesantacasabh.org.br\/residenciaeespecializacao\/wp-json\/wp\/v2\/pages\/3105\/revisions\/3217"}],"wp:attachment":[{"href":"https:\/\/faculdadesantacasabh.org.br\/residenciaeespecializacao\/wp-json\/wp\/v2\/media?parent=3105"}],"wp:term":[{"taxonomy":"category","embeddable":true,"href":"https:\/\/faculdadesantacasabh.org.br\/residenciaeespecializacao\/wp-json\/wp\/v2\/categories?post=3105"},{"taxonomy":"post_tag","embeddable":true,"href":"https:\/\/faculdadesantacasabh.org.br\/residenciaeespecializacao\/wp-json\/wp\/v2\/tags?post=3105"}],"curies":[{"name":"wp","href":"https:\/\/api.w.org\/{rel}","templated":true}]}}