{"id":227601,"date":"2025-06-09T11:14:12","date_gmt":"2025-06-09T14:14:12","guid":{"rendered":"http:\/\/faculdadesantacasabh.org.br\/residenciaeespecializacao\/?page_id=227601"},"modified":"2025-06-09T11:22:20","modified_gmt":"2025-06-09T14:22:20","slug":"avise-me-curso-em-espera","status":"publish","type":"page","link":"https:\/\/faculdadesantacasabh.org.br\/residenciaeespecializacao\/avise-me-curso-em-espera\/","title":{"rendered":"Avise-me &#8211; Curso em espera"},"content":{"rendered":"<p>[et_pb_section fb_built=&#8221;1&#8243; _builder_version=&#8221;4.16&#8243; _module_preset=&#8221;default&#8221; background_color=&#8221;#fffdfd&#8221; background_image=&#8221;https:\/\/faculdadesantacasabh.org.br\/residenciaeespecializacao\/wp-content\/uploads\/2020\/09\/fundo-pseletivo.png&#8221; background_size=&#8221;initial&#8221; background_position=&#8221;bottom_left&#8221; module_alignment=&#8221;center&#8221; custom_margin=&#8221;50px||||false|false&#8221; background_last_edited=&#8221;on|phone&#8221; background_enable_image_tablet=&#8221;off&#8221; background_enable_image_phone=&#8221;off&#8221; global_colors_info=&#8221;{}&#8221;][et_pb_row column_structure=&#8221;1_4,3_4&#8243; _builder_version=&#8221;4.16&#8243; _module_preset=&#8221;default&#8221; background_position=&#8221;center_left&#8221; global_colors_info=&#8221;{}&#8221;][et_pb_column type=&#8221;1_4&#8243; _builder_version=&#8221;4.16&#8243; _module_preset=&#8221;default&#8221; global_colors_info=&#8221;{}&#8221;][\/et_pb_column][et_pb_column type=&#8221;3_4&#8243; _builder_version=&#8221;4.16&#8243; _module_preset=&#8221;default&#8221; background_enable_image=&#8221;off&#8221; background_size=&#8221;initial&#8221; background_position=&#8221;center_left&#8221; custom_padding=&#8221;||||false|false&#8221; custom_padding_tablet=&#8221;&#8221; custom_padding_phone=&#8221;|||15px|false|false&#8221; custom_padding_last_edited=&#8221;on|desktop&#8221; background_last_edited=&#8221;on|desktop&#8221; background_enable_image_phone=&#8221;off&#8221; global_colors_info=&#8221;{}&#8221;][et_pb_text _builder_version=&#8221;4.27.4&#8243; _module_preset=&#8221;default&#8221; text_font=&#8221;Montserrat||||||||&#8221; text_line_height=&#8221;1em&#8221; header_font=&#8221;Montserrat|700||on|||||&#8221; header_text_color=&#8221;#10566c&#8221; header_2_font=&#8221;Montserrat|600|||||||&#8221; header_2_text_color=&#8221;#10566c&#8221; header_2_font_size=&#8221;19px&#8221; header_2_line_height=&#8221;1.3em&#8221; custom_padding=&#8221;||0px||false|false&#8221; sticky_limit_top=&#8221;section&#8221; sticky_limit_bottom=&#8221;row&#8221; motion_trigger_start=&#8221;bottom&#8221; global_colors_info=&#8221;{}&#8221;]<\/p>\n<h1>AVISE-ME<\/h1>\n<p>&nbsp;<\/p>\n<p>[\/et_pb_text][et_pb_text _builder_version=&#8221;4.27.4&#8243; _module_preset=&#8221;default&#8221; text_font=&#8221;Montserrat||||||||&#8221; header_font=&#8221;Montserrat|700||on|||||&#8221; header_text_color=&#8221;#10566c&#8221; header_2_font=&#8221;Montserrat|600|||||||&#8221; header_2_text_color=&#8221;#10566c&#8221; header_2_font_size=&#8221;19px&#8221; header_2_line_height=&#8221;1.3em&#8221; sticky_limit_top=&#8221;section&#8221; sticky_limit_bottom=&#8221;row&#8221; motion_trigger_start=&#8221;bottom&#8221; global_colors_info=&#8221;{}&#8221;]<\/p>\n<h2>Preencha o formul\u00e1rio abaixo e nossa equipe entrar\u00e1 em contato.<\/h2>\n<p>[\/et_pb_text][dvppl_cf7_styler _builder_version=&#8221;4.27.4&#8243; _module_preset=&#8221;default&#8221; cf7=&#8221;359&#8243;][\/dvppl_cf7_styler][\/et_pb_column][\/et_pb_row][\/et_pb_section][et_pb_section fb_built=&#8221;1&#8243; module_id=&#8221;faixa_inscricao_medica&#8221; _builder_version=&#8221;4.21.0&#8243; _module_preset=&#8221;default&#8221; background_color=&#8221;#6400aa&#8221; custom_padding=&#8221;25px||25px||true|false&#8221; global_module=&#8221;2713&#8243; saved_tabs=&#8221;all&#8221; global_colors_info=&#8221;{}&#8221;][et_pb_row _builder_version=&#8221;4.16&#8243; _module_preset=&#8221;default&#8221; custom_padding=&#8221;15px||15px||true|false&#8221; global_colors_info=&#8221;{}&#8221;][et_pb_column type=&#8221;4_4&#8243; _builder_version=&#8221;4.16&#8243; _module_preset=&#8221;default&#8221; global_colors_info=&#8221;{}&#8221;][et_pb_button button_url=&#8221;https:\/\/novo.ibgpconcursos.com.br\/concurso.jsp?cod=413&#8243; url_new_window=&#8221;on&#8221; button_text=&#8221;QUERO ME INSCREVER&#8221; button_alignment=&#8221;center&#8221; disabled_on=&#8221;on|on|on&#8221; _builder_version=&#8221;4.27.4&#8243; _module_preset=&#8221;default&#8221; custom_button=&#8221;on&#8221; button_text_size=&#8221;18px&#8221; button_text_color=&#8221;#6400aa&#8221; button_bg_color=&#8221;#FFFFFF&#8221; button_border_width=&#8221;0px&#8221; button_border_color=&#8221;#FFFFFF&#8221; button_border_radius=&#8221;35px&#8221; button_font=&#8221;Montserrat|700||on|||||&#8221; button_icon=&#8221;&#x35;||divi||400&#8243; button_on_hover=&#8221;off&#8221; button_text_size_phone=&#8221;20px&#8221; button_text_size_last_edited=&#8221;off|phone&#8221; custom_css_main_element=&#8221;\t&#8221; disabled=&#8221;on&#8221; global_colors_info=&#8221;{}&#8221;][\/et_pb_button][\/et_pb_column][\/et_pb_row][\/et_pb_section][et_pb_section fb_built=&#8221;1&#8243; fullwidth=&#8221;on&#8221; _builder_version=&#8221;4.16&#8243; _module_preset=&#8221;default&#8221; custom_margin=&#8221;50px||||false|false&#8221; global_colors_info=&#8221;{}&#8221;][et_pb_fullwidth_code _builder_version=&#8221;4.16&#8243; _module_preset=&#8221;default&#8221; global_colors_info=&#8221;{}&#8221;]<iframe loading=\"lazy\" src=\"https:\/\/www.google.com\/maps\/embed?pb=!1m18!1m12!1m3!1d3750.9887930813306!2d-43.9277961850855!3d-19.924877086606582!2m3!1f0!2f0!3f0!3m2!1i1024!2i768!4f13.1!3m3!1m2!1s0xa69992b82ccdef%3A0xb7b6dcfbddba280d!2sAv.%20Francisco%20Sales%2C%201111%20-%20Santa%20Efig%C3%AAnia%2C%20Belo%20Horizonte%20-%20MG%2C%2030150-221!5e0!3m2!1spt-BR!2sbr!4v1600873884172!5m2!1spt-BR!2sbr\" width=\"100%\" height=\"450\" frameborder=\"0\" style=\"border:0;\" allowfullscreen=\"\" aria-hidden=\"false\" tabindex=\"0\"><\/iframe>[\/et_pb_fullwidth_code][\/et_pb_section][et_pb_section fb_built=&#8221;1&#8243; module_id=&#8221;old_rodape&#8221; _builder_version=&#8221;4.21.0&#8243; _module_preset=&#8221;default&#8221; use_background_color_gradient=&#8221;on&#8221; background_color_gradient_direction=&#8221;-124deg&#8221; background_color_gradient_stops=&#8221;#6400aa 0%|#41006e 99%&#8221; background_color_gradient_start=&#8221;#205596&#8243; background_color_gradient_end=&#8221;#132745&#8243; custom_padding=&#8221;15px||15px||true|false&#8221; background_color_gradient_stops_tablet=&#8221;#205596 0%|#132745 100%&#8221; background_color_gradient_stops_phone=&#8221;#205596 0%|#132745 100%&#8221; global_module=&#8221;189&#8243; saved_tabs=&#8221;all&#8221; global_colors_info=&#8221;{}&#8221;][et_pb_row column_structure=&#8221;1_3,1_3,1_3&#8243; make_equal=&#8221;on&#8221; _builder_version=&#8221;4.21.0&#8243; _module_preset=&#8221;default&#8221; module_alignment=&#8221;center&#8221; custom_css_main_element=&#8221;align-items: flex-start;&#8221; global_colors_info=&#8221;{}&#8221;][et_pb_column type=&#8221;1_3&#8243; _builder_version=&#8221;4.16&#8243; _module_preset=&#8221;default&#8221; global_colors_info=&#8221;{}&#8221;][et_pb_text _builder_version=&#8221;4.16&#8243; _module_preset=&#8221;default&#8221; text_font=&#8221;Montserrat|300|||||||&#8221; text_text_color=&#8221;#ffffff&#8221; text_line_height=&#8221;1.5em&#8221; link_font=&#8221;Montserrat||||||||&#8221; link_text_align=&#8221;left&#8221; link_text_color=&#8221;#ffffff&#8221; link_line_height=&#8221;1.7em&#8221; header_3_font=&#8221;Montserrat||||||||&#8221; header_3_text_color=&#8221;#ffffff&#8221; header_3_font_size=&#8221;16px&#8221; header_3_line_height=&#8221;1.3em&#8221; global_colors_info=&#8221;{}&#8221;]<\/p>\n<h3>Faculdade Santa Casa BH<\/h3>\n<p><span class=\"GRkHZd w8qArf\"><span>\u00a0<\/span><\/span><span class=\"LrzXr\">Av. dos Andradas, 2688 &#8211; Santa Efig\u00eania, Belo Horizonte &#8211; MG, 30110-005<\/span><\/p>\n<p>[\/et_pb_text][et_pb_text _builder_version=&#8221;4.16&#8243; _module_preset=&#8221;default&#8221; text_font=&#8221;Montserrat|300|||||||&#8221; text_text_color=&#8221;#ffffff&#8221; text_line_height=&#8221;1.5em&#8221; link_font=&#8221;Montserrat||||||||&#8221; link_text_align=&#8221;left&#8221; link_text_color=&#8221;#ffffff&#8221; link_line_height=&#8221;1.7em&#8221; header_3_font=&#8221;Montserrat||||||||&#8221; header_3_text_color=&#8221;#ffffff&#8221; header_3_font_size=&#8221;16px&#8221; header_3_line_height=&#8221;1.3em&#8221; global_colors_info=&#8221;{}&#8221;]<\/p>\n<h3>Santa Casa BH<\/h3>\n<p><span>Av. Francisco Sales, 1111 &#8211; Santa Efig\u00eania &#8211; Belo Horizonte &#8211; MG &#8211; 30150-221<\/span><\/p>\n<p>[\/et_pb_text][et_pb_text _builder_version=&#8221;4.16&#8243; _module_preset=&#8221;default&#8221; text_font=&#8221;Montserrat|300|||||||&#8221; text_text_color=&#8221;#ffffff&#8221; text_line_height=&#8221;1.5em&#8221; link_font=&#8221;Montserrat||||||||&#8221; link_text_align=&#8221;left&#8221; link_text_color=&#8221;#ffffff&#8221; link_line_height=&#8221;1.7em&#8221; header_3_font=&#8221;Montserrat||||||||&#8221; header_3_text_color=&#8221;#ffffff&#8221; header_3_font_size=&#8221;16px&#8221; header_3_line_height=&#8221;1.3em&#8221; global_colors_info=&#8221;{}&#8221;]<\/p>\n<h3>Hospital S\u00e3o Lucas<\/h3>\n<p><span>Av. Francisco Sales, 1186 &#8211; Santa Efig\u00eania &#8211; Belo Horizonte &#8211; MG &#8211; 30150-221<\/span><\/p>\n<p>[\/et_pb_text][\/et_pb_column][et_pb_column type=&#8221;1_3&#8243; _builder_version=&#8221;4.16&#8243; _module_preset=&#8221;default&#8221; global_colors_info=&#8221;{}&#8221;][et_pb_text _builder_version=&#8221;4.16&#8243; _module_preset=&#8221;default&#8221; text_font=&#8221;Montserrat|300|||||||&#8221; text_text_color=&#8221;#ffffff&#8221; text_line_height=&#8221;1.5em&#8221; link_font=&#8221;Montserrat||||||||&#8221; link_text_align=&#8221;left&#8221; link_text_color=&#8221;#ffffff&#8221; link_line_height=&#8221;1.7em&#8221; header_3_font=&#8221;Montserrat||||||||&#8221; header_3_text_color=&#8221;#ffffff&#8221; header_3_font_size=&#8221;16px&#8221; header_3_line_height=&#8221;1.3em&#8221; custom_css_main_element=&#8221;display: inline-block;&#8221; global_colors_info=&#8221;{}&#8221;]<\/p>\n<h3><img loading=\"lazy\" decoding=\"async\" src=\"https:\/\/faculdadesantacasabh.org.br\/residenciaeespecializacao\/wp-content\/uploads\/2020\/09\/envelope.png\" width=\"20\" height=\"18\" alt=\"\" class=\"wp-image-512 size-full\" \/> Contato:<\/h3>\n<p style=\"padding-left: 30px;\"><a href=\"mailto:especializacaomedica@faculdadesantacasabh.org.br\">faculdade@faculdadesantacasabh.edu.br<\/a><\/p>\n<p><a href=\"https:\/\/api.whatsapp.com\/send?phone=5531999884753&amp;text=Tenho%20interesse!\"><img loading=\"lazy\" decoding=\"async\" src=\"https:\/\/imagepng.org\/wp-content\/uploads\/2017\/08\/WhatsApp-icone.png\" alt=\"Whatsapp \u00cdcone \u2013 Icon - PNG Transparent - Image PNG\" width=\"25\" height=\"25\" \/><\/a><\/p>\n<p>(31) 99988-4753<\/p>\n<p>(31) 98420-5587<\/p>\n<p>&nbsp;<\/p>\n<p>[\/et_pb_text][\/et_pb_column][et_pb_column type=&#8221;1_3&#8243; _builder_version=&#8221;4.16&#8243; _module_preset=&#8221;default&#8221; custom_css_main_element=&#8221;margin: auto;&#8221; global_colors_info=&#8221;{}&#8221;][et_pb_text _builder_version=&#8221;4.21.0&#8243; _module_preset=&#8221;default&#8221; text_orientation=&#8221;center&#8221; module_alignment=&#8221;center&#8221; global_colors_info=&#8221;{}&#8221;]<a href=\"http:\/\/twitter.com\/santacasabh\"><img loading=\"lazy\" decoding=\"async\" src=\"https:\/\/faculdadesantacasabh.org.br\/residenciaeespecializacao\/wp-content\/uploads\/2020\/09\/twitter.png\" width=\"29\" height=\"29\" alt=\"\" class=\"wp-image-183 aligncenter size-full\" style=\"vertical-align: middle; display: inline-block; margin: auto 5px;\" \/><\/a> <a href=\"https:\/\/www.facebook.com\/santacasabh\"><img loading=\"lazy\" decoding=\"async\" src=\"https:\/\/faculdadesantacasabh.org.br\/residenciaeespecializacao\/wp-content\/uploads\/2020\/09\/facebook.png\" width=\"29\" height=\"29\" alt=\"\" class=\"wp-image-184 aligncenter size-full\" style=\"vertical-align: middle; display: inline-block; margin: auto 5px;\" \/><\/a> <a href=\"http:\/\/instagram.com\/santacasabh\"><img loading=\"lazy\" decoding=\"async\" src=\"https:\/\/faculdadesantacasabh.org.br\/residenciaeespecializacao\/wp-content\/uploads\/2020\/09\/instagram.png\" width=\"29\" height=\"29\" alt=\"\" class=\"wp-image-185 aligncenter size-full\" style=\"vertical-align: middle; display: inline-block; margin: auto 5px;\" \/><\/a> <a href=\"https:\/\/www.youtube.com\/user\/santacasabh\"><img loading=\"lazy\" decoding=\"async\" src=\"https:\/\/faculdadesantacasabh.org.br\/residenciaeespecializacao\/wp-content\/uploads\/2023\/05\/whatsapp-icon.png\" width=\"29\" height=\"29\" alt=\"\" class=\"wp-image-185 aligncenter size-full\" style=\"vertical-align: middle; display: inline-block; margin: auto 5px;\" \/><\/a>[\/et_pb_text][\/et_pb_column][\/et_pb_row][\/et_pb_section]<\/p>\n","protected":false},"excerpt":{"rendered":"<p>AVISE-ME &nbsp;Preencha o formul\u00e1rio abaixo e nossa equipe entrar\u00e1 em contato.<div class=\"et_pb_module dvppl_cf7_styler dvppl_cf7_styler_0\">\n\t\t\t\t\n\t\t\t\t\n\t\t\t\t\n\t\t\t\t\n\t\t\t\t\n\t\t\t\t\n\t\t\t\t<div class=\"et_pb_module_inner\">\n\t\t\t\t\t<div class=\"dipe-cf7-container dipe-cf7-button-left\">\n\t\t\t\t\n\t\t\t\t<div class=\"dipe-cf7 dipe-cf7-styler \">\n\t\t\t\t\t\n<div class=\"wpcf7 no-js\" id=\"wpcf7-f359-o1\" lang=\"pt-BR\" dir=\"ltr\" data-wpcf7-id=\"359\">\n<div class=\"screen-reader-response\"><p role=\"status\" aria-live=\"polite\" aria-atomic=\"true\"><\/p> <ul><\/ul><\/div>\n<form action=\"\/residenciaeespecializacao\/wp-json\/wp\/v2\/pages\/227601#wpcf7-f359-o1\" method=\"post\" class=\"wpcf7-form init\" aria-label=\"Formul\u00e1rios de contato\" novalidate=\"novalidate\" data-status=\"init\">\n<fieldset class=\"hidden-fields-container\"><input type=\"hidden\" name=\"_wpcf7\" value=\"359\" \/><input type=\"hidden\" name=\"_wpcf7_version\" value=\"6.1.5\" \/><input type=\"hidden\" name=\"_wpcf7_locale\" value=\"pt_BR\" \/><input type=\"hidden\" name=\"_wpcf7_unit_tag\" value=\"wpcf7-f359-o1\" \/><input type=\"hidden\" name=\"_wpcf7_container_post\" value=\"0\" \/><input type=\"hidden\" name=\"_wpcf7_posted_data_hash\" value=\"\" \/>\n<\/fieldset>\n<div class=\"coluna-meio\"><span class=\"wpcf7-form-control-wrap\" data-name=\"nome\"><input size=\"40\" maxlength=\"400\" class=\"wpcf7-form-control wpcf7-text wpcf7-validates-as-required\" aria-required=\"true\" aria-invalid=\"false\" placeholder=\"Nome:\" value=\"\" type=\"text\" name=\"nome\" \/><\/span><\/div>\n<div class=\"coluna-meio\"><span class=\"wpcf7-form-control-wrap\" data-name=\"email\"><input size=\"40\" maxlength=\"400\" class=\"wpcf7-form-control wpcf7-email wpcf7-validates-as-required wpcf7-text wpcf7-validates-as-email\" aria-required=\"true\" aria-invalid=\"false\" placeholder=\"E-mail:\" value=\"\" type=\"email\" name=\"email\" \/><\/span><\/div>\n<div class=\"coluna-meio\"><span class=\"wpcf7-form-control-wrap\" data-name=\"telefone1\"><input size=\"40\" maxlength=\"15\" class=\"wpcf7-form-control wpcf7-tel wpcf7-validates-as-required wpcf7-text wpcf7-validates-as-tel phone\" aria-required=\"true\" aria-invalid=\"false\" placeholder=\"Telefone:\" value=\"\" type=\"tel\" name=\"telefone1\" \/><\/span><\/div>\n<div class=\"coluna-meio\"><span class=\"wpcf7-form-control-wrap\" data-name=\"curso\"><input size=\"40\" maxlength=\"400\" class=\"wpcf7-form-control wpcf7-text wpcf7-validates-as-required\" aria-required=\"true\" aria-invalid=\"false\" placeholder=\"Curso desejado:\" value=\"\" type=\"text\" name=\"curso\" \/><\/span><\/div>\n<div class=\"coluna-100\"><input class=\"wpcf7-form-control wpcf7-submit has-spinner\" type=\"submit\" value=\"Enviar\" \/><\/div><input type='hidden' class='wpcf7-pum' value='{\"closepopup\":false,\"closedelay\":0,\"openpopup\":false,\"openpopup_id\":0}' \/><div class=\"wpcf7-response-output\" aria-hidden=\"true\"><\/div>\n<\/form>\n<\/div>\n\n\t\t\t\t<\/div>\n\t\t\t<\/div>\n\t\t\t\t<\/div>\n\t\t\t<\/div>Faculdade Santa Casa BH \u00a0Av. dos Andradas, 2688 &#8211; Santa Efig\u00eania, Belo Horizonte &#8211; MG, 30110-005Santa Casa BH Av. Francisco Sales, 1111 &#8211; Santa Efig\u00eania &#8211; Belo Horizonte &#8211; MG &#8211; 30150-221Hospital S\u00e3o Lucas Av. Francisco Sales, 1186 &#8211; Santa Efig\u00eania &#8211; [&hellip;]<\/p>\n","protected":false},"author":1,"featured_media":0,"parent":0,"menu_order":0,"comment_status":"closed","ping_status":"closed","template":"","meta":{"_et_pb_use_builder":"on","_et_pb_old_content":"","_et_gb_content_width":"","_lmt_disableupdate":"no","_lmt_disable":"","footnotes":""},"categories":[],"tags":[],"class_list":["post-227601","page","type-page","status-publish","hentry"],"_links":{"self":[{"href":"https:\/\/faculdadesantacasabh.org.br\/residenciaeespecializacao\/wp-json\/wp\/v2\/pages\/227601","targetHints":{"allow":["GET"]}}],"collection":[{"href":"https:\/\/faculdadesantacasabh.org.br\/residenciaeespecializacao\/wp-json\/wp\/v2\/pages"}],"about":[{"href":"https:\/\/faculdadesantacasabh.org.br\/residenciaeespecializacao\/wp-json\/wp\/v2\/types\/page"}],"author":[{"embeddable":true,"href":"https:\/\/faculdadesantacasabh.org.br\/residenciaeespecializacao\/wp-json\/wp\/v2\/users\/1"}],"replies":[{"embeddable":true,"href":"https:\/\/faculdadesantacasabh.org.br\/residenciaeespecializacao\/wp-json\/wp\/v2\/comments?post=227601"}],"version-history":[{"count":5,"href":"https:\/\/faculdadesantacasabh.org.br\/residenciaeespecializacao\/wp-json\/wp\/v2\/pages\/227601\/revisions"}],"predecessor-version":[{"id":227610,"href":"https:\/\/faculdadesantacasabh.org.br\/residenciaeespecializacao\/wp-json\/wp\/v2\/pages\/227601\/revisions\/227610"}],"wp:attachment":[{"href":"https:\/\/faculdadesantacasabh.org.br\/residenciaeespecializacao\/wp-json\/wp\/v2\/media?parent=227601"}],"wp:term":[{"taxonomy":"category","embeddable":true,"href":"https:\/\/faculdadesantacasabh.org.br\/residenciaeespecializacao\/wp-json\/wp\/v2\/categories?post=227601"},{"taxonomy":"post_tag","embeddable":true,"href":"https:\/\/faculdadesantacasabh.org.br\/residenciaeespecializacao\/wp-json\/wp\/v2\/tags?post=227601"}],"curies":[{"name":"wp","href":"https:\/\/api.w.org\/{rel}","templated":true}]}}