{"id":1304,"date":"2020-09-29T16:19:48","date_gmt":"2020-09-29T19:19:48","guid":{"rendered":"http:\/\/faculdadesantacasabh.org.br\/residenciaeespecializacao\/?page_id=1304"},"modified":"2024-09-16T11:34:46","modified_gmt":"2024-09-16T14:34:46","slug":"dr-helio-pires-de-mendonca-junior","status":"publish","type":"page","link":"https:\/\/faculdadesantacasabh.org.br\/residenciaeespecializacao\/dr-helio-pires-de-mendonca-junior\/","title":{"rendered":"Dr. Helio Pires de Mendon\u00e7a Junior"},"content":{"rendered":"<p>[et_pb_section fb_built=&#8221;1&#8243; specialty=&#8221;on&#8221; _builder_version=&#8221;4.16&#8243; _module_preset=&#8221;default&#8221; global_colors_info=&#8221;{}&#8221;][et_pb_column type=&#8221;1_3&#8243; _builder_version=&#8221;4.16&#8243; custom_padding=&#8221;|||&#8221; global_colors_info=&#8221;{}&#8221; custom_padding__hover=&#8221;|||&#8221;][et_pb_text _builder_version=&#8221;4.16&#8243; _module_preset=&#8221;default&#8221; header_font=&#8221;Montserrat|700||on|||||&#8221; header_text_color=&#8221;#10566c&#8221; header_font_size=&#8221;26px&#8221; global_colors_info=&#8221;{}&#8221;]<\/p>\n<h1>Dr. Helio Pires de Mendon\u00e7a Junior<\/h1>\n<p>[\/et_pb_text][et_pb_text _builder_version=&#8221;4.16&#8243; _module_preset=&#8221;default&#8221; text_font=&#8221;Montserrat||||||||&#8221; text_text_color=&#8221;#343434&#8243; global_colors_info=&#8221;{}&#8221;]<\/p>\n<p style=\"text-align: justify;\">Possui mestrado em Sa\u00fade P\u00fablica pela Universidade Federal de Minas Gerais (2004). Cirurgi\u00e3o de m\u00e3o da prefeitura de Belo Horizonte. Tem experi\u00eancia na \u00e1rea de Medicina, com \u00eanfase em Cirurgia Ortop\u00e9dica. Atualmente \u00e9 coordenador do programa de Resid\u00eancia em Cirurgia da m\u00e3o da Santa Casa BH.<\/p>\n<p>[\/et_pb_text][\/et_pb_column][et_pb_column type=&#8221;2_3&#8243; specialty_columns=&#8221;2&#8243; _builder_version=&#8221;4.16&#8243; custom_padding=&#8221;|||&#8221; global_colors_info=&#8221;{}&#8221; custom_padding__hover=&#8221;|||&#8221;][et_pb_row_inner _builder_version=&#8221;4.16&#8243; _module_preset=&#8221;default&#8221; global_colors_info=&#8221;{}&#8221;][et_pb_column_inner saved_specialty_column_type=&#8221;2_3&#8243; _builder_version=&#8221;4.16&#8243; _module_preset=&#8221;default&#8221; global_colors_info=&#8221;{}&#8221;][et_pb_image src=&#8221;https:\/\/faculdadesantacasabh.org.br\/residenciaeespecializacao\/wp-content\/uploads\/2021\/08\/helio-pires.jpg&#8221; title_text=&#8221;helio-pires&#8221; align=&#8221;center&#8221; _builder_version=&#8221;4.16&#8243; _module_preset=&#8221;default&#8221; global_colors_info=&#8221;{}&#8221;][\/et_pb_image][\/et_pb_column_inner][\/et_pb_row_inner][et_pb_row_inner column_structure=&#8221;1_3,1_3,1_3&#8243; _builder_version=&#8221;4.16&#8243; _module_preset=&#8221;default&#8221; module_alignment=&#8221;center&#8221; custom_css_main_element=&#8221;align-items: center;&#8221; global_colors_info=&#8221;{}&#8221;][et_pb_column_inner type=&#8221;1_3&#8243; saved_specialty_column_type=&#8221;1_2&#8243; _builder_version=&#8221;4.16&#8243; _module_preset=&#8221;default&#8221; global_colors_info=&#8221;{}&#8221;][et_pb_button button_url=&#8221;https:\/\/faculdadesantacasabh.org.br\/residenciaeespecializacao\/cirurgia-da-mao\/&#8221; button_text=&#8221;SOBRE O CURSO&#8221; button_alignment=&#8221;center&#8221; _builder_version=&#8221;4.16&#8243; _module_preset=&#8221;default&#8221; custom_button=&#8221;on&#8221; button_text_size=&#8221;14px&#8221; button_text_color=&#8221;#ffffff&#8221; button_bg_color=&#8221;#10566c&#8221; button_border_width=&#8221;0px&#8221; button_border_radius=&#8221;15px&#8221; button_font=&#8221;Montserrat|||on|||||&#8221; button_use_icon=&#8221;off&#8221; custom_css_main_element=&#8221;width: 160px;&#8221; global_colors_info=&#8221;{}&#8221;][\/et_pb_button][\/et_pb_column_inner][et_pb_column_inner type=&#8221;1_3&#8243; saved_specialty_column_type=&#8221;1_2&#8243; _builder_version=&#8221;4.16&#8243; _module_preset=&#8221;default&#8221; global_colors_info=&#8221;{}&#8221;][et_pb_button button_url=&#8221;https:\/\/faculdadesantacasabh.org.br\/residenciaeespecializacao\/dr-helio-pires-de-mendonca-junior\/&#8221; button_text=&#8221;SUPERVISOR&#8221; button_alignment=&#8221;center&#8221; _builder_version=&#8221;4.27.0&#8243; _module_preset=&#8221;default&#8221; custom_button=&#8221;on&#8221; button_text_size=&#8221;14px&#8221; button_text_color=&#8221;#ffffff&#8221; button_bg_color=&#8221;#10566c&#8221; button_border_width=&#8221;0px&#8221; button_border_radius=&#8221;15px&#8221; button_font=&#8221;Montserrat|||on|||||&#8221; button_use_icon=&#8221;off&#8221; hover_enabled=&#8221;0&#8243; custom_css_main_element=&#8221;width: 160px;&#8221; global_colors_info=&#8221;{}&#8221; sticky_enabled=&#8221;0&#8243;][\/et_pb_button][\/et_pb_column_inner][et_pb_column_inner type=&#8221;1_3&#8243; saved_specialty_column_type=&#8221;1_2&#8243; _builder_version=&#8221;4.16&#8243; _module_preset=&#8221;default&#8221; global_colors_info=&#8221;{}&#8221;][et_pb_button button_url=&#8221;https:\/\/faculdadesantacasabh.org.br\/residenciaeespecializacao\/cirurgia-da-mao\/especialidade\/&#8221; button_text=&#8221;SOBRE A ESPECIALIDADE&#8221; button_alignment=&#8221;center&#8221; _builder_version=&#8221;4.16&#8243; _module_preset=&#8221;default&#8221; custom_button=&#8221;on&#8221; button_text_size=&#8221;12px&#8221; button_text_color=&#8221;#ffffff&#8221; button_bg_color=&#8221;#10566c&#8221; button_border_width=&#8221;0px&#8221; button_border_radius=&#8221;15px&#8221; button_font=&#8221;Montserrat|||on|||||&#8221; button_use_icon=&#8221;off&#8221; custom_css_main_element=&#8221;width: 200px;&#8221; global_colors_info=&#8221;{}&#8221;][\/et_pb_button][\/et_pb_column_inner][\/et_pb_row_inner][\/et_pb_column][\/et_pb_section][et_pb_section fb_built=&#8221;1&#8243; module_id=&#8221;faixa_inscricao_medica&#8221; _builder_version=&#8221;4.21.0&#8243; _module_preset=&#8221;default&#8221; background_color=&#8221;#6400aa&#8221; custom_padding=&#8221;25px||25px||true|false&#8221; global_module=&#8221;2713&#8243; saved_tabs=&#8221;all&#8221; global_colors_info=&#8221;{}&#8221;][et_pb_row _builder_version=&#8221;4.16&#8243; _module_preset=&#8221;default&#8221; custom_padding=&#8221;15px||15px||true|false&#8221; global_colors_info=&#8221;{}&#8221;][et_pb_column type=&#8221;4_4&#8243; _builder_version=&#8221;4.16&#8243; _module_preset=&#8221;default&#8221; global_colors_info=&#8221;{}&#8221;][et_pb_button button_url=&#8221;https:\/\/novo.ibgpconcursos.com.br\/concurso.jsp?cod=476&#8243; url_new_window=&#8221;on&#8221; button_text=&#8221;QUERO ME INSCREVER&#8221; button_alignment=&#8221;center&#8221; _builder_version=&#8221;4.27.0&#8243; _module_preset=&#8221;default&#8221; custom_button=&#8221;on&#8221; button_text_size=&#8221;18px&#8221; button_text_color=&#8221;#6400aa&#8221; button_bg_color=&#8221;#FFFFFF&#8221; button_border_width=&#8221;0px&#8221; button_border_color=&#8221;#FFFFFF&#8221; button_border_radius=&#8221;35px&#8221; button_font=&#8221;Montserrat|700||on|||||&#8221; button_icon=&#8221;&#x35;||divi||400&#8243; button_on_hover=&#8221;off&#8221; button_text_size_phone=&#8221;20px&#8221; button_text_size_last_edited=&#8221;off|phone&#8221; custom_css_main_element=&#8221;\t&#8221; global_colors_info=&#8221;{}&#8221;][\/et_pb_button][\/et_pb_column][\/et_pb_row][\/et_pb_section][et_pb_section fb_built=&#8221;1&#8243; fullwidth=&#8221;on&#8221; _builder_version=&#8221;4.16&#8243; _module_preset=&#8221;default&#8221; global_colors_info=&#8221;{}&#8221;][et_pb_fullwidth_code _builder_version=&#8221;4.16&#8243; _module_preset=&#8221;default&#8221; global_colors_info=&#8221;{}&#8221;]<iframe loading=\"lazy\" src=\"https:\/\/www.google.com\/maps\/embed?pb=!1m18!1m12!1m3!1d3750.9887930813306!2d-43.9277961850855!3d-19.924877086606582!2m3!1f0!2f0!3f0!3m2!1i1024!2i768!4f13.1!3m3!1m2!1s0xa69992b82ccdef%3A0xb7b6dcfbddba280d!2sAv.%20Francisco%20Sales%2C%201111%20-%20Santa%20Efig%C3%AAnia%2C%20Belo%20Horizonte%20-%20MG%2C%2030150-221!5e0!3m2!1spt-BR!2sbr!4v1600873884172!5m2!1spt-BR!2sbr\" width=\"100%\" height=\"450\" frameborder=\"0\" style=\"border:0;\" allowfullscreen=\"\" aria-hidden=\"false\" tabindex=\"0\"><\/iframe>[\/et_pb_fullwidth_code][\/et_pb_section][et_pb_section fb_built=&#8221;1&#8243; module_id=&#8221;old_rodape&#8221; _builder_version=&#8221;4.21.0&#8243; _module_preset=&#8221;default&#8221; use_background_color_gradient=&#8221;on&#8221; background_color_gradient_direction=&#8221;-124deg&#8221; background_color_gradient_stops=&#8221;#6400aa 0%|#41006e 99%&#8221; background_color_gradient_start=&#8221;#205596&#8243; background_color_gradient_end=&#8221;#132745&#8243; custom_padding=&#8221;15px||15px||true|false&#8221; background_color_gradient_stops_tablet=&#8221;#205596 0%|#132745 100%&#8221; background_color_gradient_stops_phone=&#8221;#205596 0%|#132745 100%&#8221; global_module=&#8221;189&#8243; saved_tabs=&#8221;all&#8221; global_colors_info=&#8221;{}&#8221;][et_pb_row column_structure=&#8221;1_3,1_3,1_3&#8243; make_equal=&#8221;on&#8221; _builder_version=&#8221;4.21.0&#8243; _module_preset=&#8221;default&#8221; module_alignment=&#8221;center&#8221; custom_css_main_element=&#8221;align-items: flex-start;&#8221; global_colors_info=&#8221;{}&#8221;][et_pb_column type=&#8221;1_3&#8243; _builder_version=&#8221;4.16&#8243; _module_preset=&#8221;default&#8221; global_colors_info=&#8221;{}&#8221;][et_pb_text _builder_version=&#8221;4.16&#8243; _module_preset=&#8221;default&#8221; text_font=&#8221;Montserrat|300|||||||&#8221; text_text_color=&#8221;#ffffff&#8221; text_line_height=&#8221;1.5em&#8221; link_font=&#8221;Montserrat||||||||&#8221; link_text_align=&#8221;left&#8221; link_text_color=&#8221;#ffffff&#8221; link_line_height=&#8221;1.7em&#8221; header_3_font=&#8221;Montserrat||||||||&#8221; header_3_text_color=&#8221;#ffffff&#8221; header_3_font_size=&#8221;16px&#8221; header_3_line_height=&#8221;1.3em&#8221; global_colors_info=&#8221;{}&#8221;]<\/p>\n<h3>Faculdade Santa Casa BH<\/h3>\n<p><span class=\"GRkHZd w8qArf\"><span>\u00a0<\/span><\/span><span class=\"LrzXr\">Av. dos Andradas, 2688 &#8211; Santa Efig\u00eania, Belo Horizonte &#8211; MG, 30110-005<\/span><\/p>\n<p>[\/et_pb_text][et_pb_text _builder_version=&#8221;4.16&#8243; _module_preset=&#8221;default&#8221; text_font=&#8221;Montserrat|300|||||||&#8221; text_text_color=&#8221;#ffffff&#8221; text_line_height=&#8221;1.5em&#8221; link_font=&#8221;Montserrat||||||||&#8221; link_text_align=&#8221;left&#8221; link_text_color=&#8221;#ffffff&#8221; link_line_height=&#8221;1.7em&#8221; header_3_font=&#8221;Montserrat||||||||&#8221; header_3_text_color=&#8221;#ffffff&#8221; header_3_font_size=&#8221;16px&#8221; header_3_line_height=&#8221;1.3em&#8221; global_colors_info=&#8221;{}&#8221;]<\/p>\n<h3>Santa Casa BH<\/h3>\n<p><span>Av. Francisco Sales, 1111 &#8211; Santa Efig\u00eania &#8211; Belo Horizonte &#8211; MG &#8211; 30150-221<\/span><\/p>\n<p>[\/et_pb_text][et_pb_text _builder_version=&#8221;4.16&#8243; _module_preset=&#8221;default&#8221; text_font=&#8221;Montserrat|300|||||||&#8221; text_text_color=&#8221;#ffffff&#8221; text_line_height=&#8221;1.5em&#8221; link_font=&#8221;Montserrat||||||||&#8221; link_text_align=&#8221;left&#8221; link_text_color=&#8221;#ffffff&#8221; link_line_height=&#8221;1.7em&#8221; header_3_font=&#8221;Montserrat||||||||&#8221; header_3_text_color=&#8221;#ffffff&#8221; header_3_font_size=&#8221;16px&#8221; header_3_line_height=&#8221;1.3em&#8221; global_colors_info=&#8221;{}&#8221;]<\/p>\n<h3>Hospital S\u00e3o Lucas<\/h3>\n<p><span>Av. Francisco Sales, 1186 &#8211; Santa Efig\u00eania &#8211; Belo Horizonte &#8211; MG &#8211; 30150-221<\/span><\/p>\n<p>[\/et_pb_text][\/et_pb_column][et_pb_column type=&#8221;1_3&#8243; _builder_version=&#8221;4.16&#8243; _module_preset=&#8221;default&#8221; global_colors_info=&#8221;{}&#8221;][et_pb_text _builder_version=&#8221;4.16&#8243; _module_preset=&#8221;default&#8221; text_font=&#8221;Montserrat|300|||||||&#8221; text_text_color=&#8221;#ffffff&#8221; text_line_height=&#8221;1.5em&#8221; link_font=&#8221;Montserrat||||||||&#8221; link_text_align=&#8221;left&#8221; link_text_color=&#8221;#ffffff&#8221; link_line_height=&#8221;1.7em&#8221; header_3_font=&#8221;Montserrat||||||||&#8221; header_3_text_color=&#8221;#ffffff&#8221; header_3_font_size=&#8221;16px&#8221; header_3_line_height=&#8221;1.3em&#8221; custom_css_main_element=&#8221;display: inline-block;&#8221; global_colors_info=&#8221;{}&#8221;]<\/p>\n<h3><img loading=\"lazy\" decoding=\"async\" src=\"https:\/\/faculdadesantacasabh.org.br\/residenciaeespecializacao\/wp-content\/uploads\/2020\/09\/envelope.png\" width=\"20\" height=\"18\" alt=\"\" class=\"wp-image-512 size-full\" \/> Contato:<\/h3>\n<p style=\"padding-left: 30px;\"><a href=\"mailto:especializacaomedica@faculdadesantacasabh.org.br\">faculdade@faculdadesantacasabh.edu.br<\/a><\/p>\n<p><a href=\"https:\/\/api.whatsapp.com\/send?phone=5531999884753&amp;text=Tenho%20interesse!\"><img loading=\"lazy\" decoding=\"async\" src=\"https:\/\/imagepng.org\/wp-content\/uploads\/2017\/08\/WhatsApp-icone.png\" alt=\"Whatsapp \u00cdcone \u2013 Icon - PNG Transparent - Image PNG\" width=\"25\" height=\"25\" \/><\/a><\/p>\n<p>(31) 99988-4753<\/p>\n<p>(31) 98420-5587<\/p>\n<p>&nbsp;<\/p>\n<p>[\/et_pb_text][\/et_pb_column][et_pb_column type=&#8221;1_3&#8243; _builder_version=&#8221;4.16&#8243; _module_preset=&#8221;default&#8221; custom_css_main_element=&#8221;margin: auto;&#8221; global_colors_info=&#8221;{}&#8221;][et_pb_text _builder_version=&#8221;4.21.0&#8243; _module_preset=&#8221;default&#8221; text_orientation=&#8221;center&#8221; module_alignment=&#8221;center&#8221; global_colors_info=&#8221;{}&#8221;]<a href=\"http:\/\/twitter.com\/santacasabh\"><img loading=\"lazy\" decoding=\"async\" src=\"https:\/\/faculdadesantacasabh.org.br\/residenciaeespecializacao\/wp-content\/uploads\/2020\/09\/twitter.png\" width=\"29\" height=\"29\" alt=\"\" class=\"wp-image-183 aligncenter size-full\" style=\"vertical-align: middle; display: inline-block; margin: auto 5px;\" \/><\/a> <a href=\"https:\/\/www.facebook.com\/santacasabh\"><img loading=\"lazy\" decoding=\"async\" src=\"https:\/\/faculdadesantacasabh.org.br\/residenciaeespecializacao\/wp-content\/uploads\/2020\/09\/facebook.png\" width=\"29\" height=\"29\" alt=\"\" class=\"wp-image-184 aligncenter size-full\" style=\"vertical-align: middle; display: inline-block; margin: auto 5px;\" \/><\/a> <a href=\"http:\/\/instagram.com\/santacasabh\"><img loading=\"lazy\" decoding=\"async\" src=\"https:\/\/faculdadesantacasabh.org.br\/residenciaeespecializacao\/wp-content\/uploads\/2020\/09\/instagram.png\" width=\"29\" height=\"29\" alt=\"\" class=\"wp-image-185 aligncenter size-full\" style=\"vertical-align: middle; display: inline-block; margin: auto 5px;\" \/><\/a> <a href=\"https:\/\/www.youtube.com\/user\/santacasabh\"><img loading=\"lazy\" decoding=\"async\" src=\"https:\/\/faculdadesantacasabh.org.br\/residenciaeespecializacao\/wp-content\/uploads\/2023\/05\/whatsapp-icon.png\" width=\"29\" height=\"29\" alt=\"\" class=\"wp-image-185 aligncenter size-full\" style=\"vertical-align: middle; display: inline-block; margin: auto 5px;\" \/><\/a>[\/et_pb_text][\/et_pb_column][\/et_pb_row][\/et_pb_section]<\/p>\n","protected":false},"excerpt":{"rendered":"<p>Dr. Helio Pires de Mendon\u00e7a JuniorPossui mestrado em Sa\u00fade P\u00fablica pela Universidade Federal de Minas Gerais (2004). Cirurgi\u00e3o de m\u00e3o da prefeitura de Belo Horizonte. Tem experi\u00eancia na \u00e1rea de Medicina, com \u00eanfase em Cirurgia Ortop\u00e9dica. Atualmente \u00e9 coordenador do programa de Resid\u00eancia em Cirurgia da m\u00e3o da Santa Casa BH.Faculdade Santa Casa BH \u00a0Av. [&hellip;]<\/p>\n","protected":false},"author":7,"featured_media":0,"parent":0,"menu_order":0,"comment_status":"closed","ping_status":"closed","template":"","meta":{"_et_pb_use_builder":"on","_et_pb_old_content":"","_et_gb_content_width":"","_lmt_disableupdate":"","_lmt_disable":"","footnotes":""},"categories":[13],"tags":[],"class_list":["post-1304","page","type-page","status-publish","hentry","category-coordenador-de-curso"],"_links":{"self":[{"href":"https:\/\/faculdadesantacasabh.org.br\/residenciaeespecializacao\/wp-json\/wp\/v2\/pages\/1304","targetHints":{"allow":["GET"]}}],"collection":[{"href":"https:\/\/faculdadesantacasabh.org.br\/residenciaeespecializacao\/wp-json\/wp\/v2\/pages"}],"about":[{"href":"https:\/\/faculdadesantacasabh.org.br\/residenciaeespecializacao\/wp-json\/wp\/v2\/types\/page"}],"author":[{"embeddable":true,"href":"https:\/\/faculdadesantacasabh.org.br\/residenciaeespecializacao\/wp-json\/wp\/v2\/users\/7"}],"replies":[{"embeddable":true,"href":"https:\/\/faculdadesantacasabh.org.br\/residenciaeespecializacao\/wp-json\/wp\/v2\/comments?post=1304"}],"version-history":[{"count":12,"href":"https:\/\/faculdadesantacasabh.org.br\/residenciaeespecializacao\/wp-json\/wp\/v2\/pages\/1304\/revisions"}],"predecessor-version":[{"id":226927,"href":"https:\/\/faculdadesantacasabh.org.br\/residenciaeespecializacao\/wp-json\/wp\/v2\/pages\/1304\/revisions\/226927"}],"wp:attachment":[{"href":"https:\/\/faculdadesantacasabh.org.br\/residenciaeespecializacao\/wp-json\/wp\/v2\/media?parent=1304"}],"wp:term":[{"taxonomy":"category","embeddable":true,"href":"https:\/\/faculdadesantacasabh.org.br\/residenciaeespecializacao\/wp-json\/wp\/v2\/categories?post=1304"},{"taxonomy":"post_tag","embeddable":true,"href":"https:\/\/faculdadesantacasabh.org.br\/residenciaeespecializacao\/wp-json\/wp\/v2\/tags?post=1304"}],"curies":[{"name":"wp","href":"https:\/\/api.w.org\/{rel}","templated":true}]}}